{"id":2493,"date":"2019-10-21T14:00:52","date_gmt":"2019-10-21T12:00:52","guid":{"rendered":"https:\/\/www.kindermann-valuecreation.com\/who-we-are\/beiratsmandate"},"modified":"2025-11-28T14:26:41","modified_gmt":"2025-11-28T13:26:41","slug":"advisory-board-mandates","status":"publish","type":"page","link":"https:\/\/www.kindermann-valuecreation.com\/en\/who-we-are\/advisory-board-mandates\/","title":{"rendered":"Advisory Board Mandates"},"content":{"rendered":"\n<div class=\"wp-block-cover alignfull\"><img decoding=\"async\" width=\"2140\" height=\"1200\" class=\"wp-block-cover__image-background wp-image-2234\" alt=\"\" src=\"https:\/\/www.kindermann-valuecreation.com\/wp-content\/uploads\/2021\/07\/Ralf-Kindermann.jpg\" style=\"object-position:47% 34%\" data-object-fit=\"cover\" data-object-position=\"47% 34%\" srcset=\"https:\/\/www.kindermann-valuecreation.com\/wp-content\/uploads\/2021\/07\/Ralf-Kindermann.jpg 2140w, https:\/\/www.kindermann-valuecreation.com\/wp-content\/uploads\/2021\/07\/Ralf-Kindermann-300x168.jpg 300w, https:\/\/www.kindermann-valuecreation.com\/wp-content\/uploads\/2021\/07\/Ralf-Kindermann-1024x574.jpg 1024w, https:\/\/www.kindermann-valuecreation.com\/wp-content\/uploads\/2021\/07\/Ralf-Kindermann-768x431.jpg 768w, https:\/\/www.kindermann-valuecreation.com\/wp-content\/uploads\/2021\/07\/Ralf-Kindermann-1536x861.jpg 1536w, https:\/\/www.kindermann-valuecreation.com\/wp-content\/uploads\/2021\/07\/Ralf-Kindermann-2048x1148.jpg 2048w, https:\/\/www.kindermann-valuecreation.com\/wp-content\/uploads\/2021\/07\/Ralf-Kindermann-860x482.jpg 860w, https:\/\/www.kindermann-valuecreation.com\/wp-content\/uploads\/2021\/07\/Ralf-Kindermann-420x236.jpg 420w, https:\/\/www.kindermann-valuecreation.com\/wp-content\/uploads\/2021\/07\/Ralf-Kindermann-1380x774.jpg 1380w, https:&#47;&#47;&#x77;&#x77;&#119;&#46;&#x6b;&#x69;&#110;&#100;&#x65;&#x72;&#109;&#97;&#x6e;&#x6e;&#45;&#118;&#x61;&#x6c;&#117;&#101;&#x63;&#x72;&#101;&#97;&#x74;&#x69;&#111;&#110;&#x2e;&#x63;&#111;&#109;&#x2f;&#x77;&#112;&#45;&#x63;&#x6f;&#110;&#116;&#x65;&#x6e;&#116;&#47;&#x75;&#x70;&#108;&#111;&#x61;&#x64;&#115;&#47;&#x32;&#x30;&#50;&#49;&#x2f;&#x30;&#55;&#47;&#x52;&#x61;&#108;&#102;&#x2d;&#x4b;&#105;&#110;&#x64;&#x65;&#114;&#109;&#x61;&#x6e;&#110;&#45;&#x33;&#x30;&#48;&#120;&#x31;&#x36;&#56;&#64;&#x32;&#x78;&#46;&#106;&#x70;&#x67; 600w, https:&#x2f;\/&#x77;w&#x77;&#46;&#x6b;&#105;n&#x64;e&#x72;&#109;&#x61;&#110;&#x6e;&#45;v&#x61;l&#x75;&#101;&#x63;&#114;&#x65;&#x61;t&#x69;o&#x6e;&#46;&#x63;&#111;m&#x2f;w&#x70;&#45;&#x63;&#111;&#x6e;&#116;e&#x6e;t&#x2f;&#117;&#x70;&#108;&#x6f;&#x61;d&#x73;\/&#x32;&#48;&#x32;&#49;\/&#x30;7&#x2f;&#82;&#x61;&#108;&#x66;&#45;K&#x69;n&#x64;&#101;&#x72;&#109;&#x61;&#x6e;n&#x2d;8&#x36;&#48;&#x78;&#52;8&#x32;&#64;&#x32;&#120;&#x2e;&#106;&#x70;&#103; 1720w, https:&#x2f;&#x2f;&#119;w&#x77;&#x2e;&#x6b;&#105;n&#x64;&#x65;&#x72;&#109;a&#x6e;&#x6e;&#x2d;&#118;a&#x6c;&#x75;&#x65;&#99;r&#x65;&#x61;&#x74;&#105;o&#x6e;&#x2e;&#x63;&#111;m&#x2f;&#x77;&#x70;&#45;c&#x6f;&#x6e;&#x74;&#101;n&#x74;&#x2f;&#x75;&#112;l&#x6f;&#x61;&#x64;&#115;\/&#x32;&#x30;&#x32;&#49;\/&#x30;&#x37;&#x2f;&#82;a&#x6c;&#x66;&#x2d;&#75;i&#x6e;&#x64;&#x65;&#114;m&#x61;&#x6e;&#x6e;&#45;4&#x32;&#x30;&#x78;&#50;3&#x36;&#x40;&#x32;&#120;&#46;&#x6a;&#x70;&#x67; 840w\" sizes=\"(max-width: 2140px) 100vw, 2140px\" \/><span aria-hidden=\"true\" class=\"wp-block-cover__background has-background-dim-0 has-background-dim\"><\/span><div class=\"wp-block-cover__inner-container is-layout-flow wp-block-cover-is-layout-flow\">\n<h1 class=\"wp-block-heading has-white-color has-text-color\" id=\"advisory-council-mandates\">Advisory council mandates<\/h1>\n<\/div><\/div>\n\n\n\n<div class=\"wp-block-group alignwide km_timeline\"><div class=\"wp-block-group__inner-container is-layout-flow wp-block-group-is-layout-flow\">\n<div class=\"wp-block-columns is-layout-flex wp-container-core-columns-is-layout-9d6595d7 wp-block-columns-is-layout-flex\">\n<div class=\"wp-block-column is-layout-flow wp-block-column-is-layout-flow\">\n<p class=\"has-text-align-right has-timeline-background-color has-background\"><strong><strong><strong><strong>since 2021<\/strong><\/strong><\/strong><\/strong><br><mark style=\"background-color:rgba(0, 0, 0, 0);color:#B89D51\" class=\"has-inline-color\">Bike24 Holding AG, Dresden, Germany<\/mark><em>Chairman of the Supervisory board<\/em><\/p>\n<\/div>\n\n\n\n<div class=\"wp-block-column is-layout-flow wp-block-column-is-layout-flow\"><\/div>\n<\/div>\n\n\n\n<div class=\"wp-block-columns is-layout-flex wp-container-core-columns-is-layout-9d6595d7 wp-block-columns-is-layout-flex\">\n<div class=\"wp-block-column is-layout-flow wp-block-column-is-layout-flow\"><\/div>\n\n\n\n<div class=\"wp-block-column is-layout-flow wp-block-column-is-layout-flow\">\n<p class=\"has-text-align-left has-timeline-background-color has-background\"><strong>since 2024<\/strong><br><mark style=\"background-color:rgba(0, 0, 0, 0);color:#B89D51\" class=\"has-inline-color\"><mark style=\"background-color:rgba(0, 0, 0, 0);color:#B89D51\" class=\"has-inline-color\">Jobrad Holding SE<\/mark> <\/mark><br><em>Chairman of the Advisory Board<\/em><\/p>\n<\/div>\n<\/div>\n\n\n\n<div class=\"wp-block-columns is-layout-flex wp-container-core-columns-is-layout-9d6595d7 wp-block-columns-is-layout-flex\">\n<div class=\"wp-block-column is-layout-flow wp-block-column-is-layout-flow\">\n<p class=\"has-text-align-right has-timeline-background-color has-background\"><strong><strong>since 2020<\/strong><\/strong><br><mark style=\"background-color:rgba(0, 0, 0, 0);color:#B89D51\" class=\"has-inline-color\">Horze International GmbH, Oslo &amp; Fulda, Germany<\/mark><br><em>Advisory Board Member<\/em><\/p>\n<\/div>\n\n\n\n<div class=\"wp-block-column is-layout-flow wp-block-column-is-layout-flow\"><\/div>\n<\/div>\n\n\n\n<div class=\"wp-block-columns is-layout-flex wp-container-core-columns-is-layout-9d6595d7 wp-block-columns-is-layout-flex\">\n<div class=\"wp-block-column is-layout-flow wp-block-column-is-layout-flow\"><\/div>\n\n\n\n<div class=\"wp-block-column is-layout-flow wp-block-column-is-layout-flow\">\n<p class=\"has-text-align-left has-timeline-background-color has-background\"><strong>since 2021<\/strong> <br><mark style=\"background-color:rgba(0, 0, 0, 0);color:#B89D51\" class=\"has-inline-color\">SNAP \/ 8a.pl, Gliwice, Poland<\/mark> <br><em>Advisory Board Member <\/em><\/p>\n<\/div>\n<\/div>\n\n\n\n<div class=\"wp-block-columns is-layout-flex wp-container-core-columns-is-layout-9d6595d7 wp-block-columns-is-layout-flex\">\n<div class=\"wp-block-column is-layout-flow wp-block-column-is-layout-flow\">\n<p class=\"has-text-align-right has-timeline-background-color has-background\"><strong>since 2023<\/strong> <br><mark style=\"background-color:rgba(0, 0, 0, 0);color:#B89D51\" class=\"has-inline-color\">Van Raam, Varsseveld I Niederlande<\/mark><br><em>Advisory Board Member <\/em><\/p>\n<\/div>\n\n\n\n<div class=\"wp-block-column is-layout-flow wp-block-column-is-layout-flow\"><\/div>\n<\/div>\n\n\n\n<div class=\"wp-block-columns is-layout-flex wp-container-core-columns-is-layout-9d6595d7 wp-block-columns-is-layout-flex\">\n<div class=\"wp-block-column is-layout-flow wp-block-column-is-layout-flow\"><\/div>\n\n\n\n<div class=\"wp-block-column is-layout-flow wp-block-column-is-layout-flow\">\n<p class=\"has-text-align-left has-timeline-background-color has-background\"><strong>since 2023<\/strong> <br><mark style=\"background-color:rgba(0, 0, 0, 0);color:#B89D51\" class=\"has-inline-color\">Toner Partner, Hattingen, Deutschland<\/mark><br><em>Advisory Board Member <\/em><\/p>\n<\/div>\n<\/div>\n\n\n\n<div class=\"wp-block-columns is-layout-flex wp-container-core-columns-is-layout-9d6595d7 wp-block-columns-is-layout-flex\">\n<div class=\"wp-block-column is-layout-flow wp-block-column-is-layout-flow\">\n<p class=\"has-text-align-right has-timeline-background-color has-background\"><strong><strong>seit 2013<\/strong><\/strong><br><mark style=\"background-color:rgba(0, 0, 0, 0);color:#B89D51\" class=\"has-inline-color\">Armira Beteiligungen GmbH, Munich, Germany<\/mark><strong><br><\/strong><em>Industry advisor<\/em><\/p>\n<\/div>\n\n\n\n<div class=\"wp-block-column is-layout-flow wp-block-column-is-layout-flow\"><\/div>\n<\/div>\n\n\n\n<div class=\"wp-block-columns is-layout-flex wp-container-core-columns-is-layout-9d6595d7 wp-block-columns-is-layout-flex\">\n<div class=\"wp-block-column is-layout-flow wp-block-column-is-layout-flow\"><\/div>\n\n\n\n<div class=\"wp-block-column is-layout-flow wp-block-column-is-layout-flow\">\n<p class=\"has-text-align-left has-timeline-background-color has-background\"><strong>2021-2025<\/strong> <br><mark style=\"background-color:rgba(0, 0, 0, 0);color:#B89D51\" class=\"has-inline-color\">Dantherm Group, Skive, Denmark<\/mark> <br><em>Advisory Board Member<\/em><\/p>\n<\/div>\n<\/div>\n\n\n\n<div class=\"wp-block-columns is-layout-flex wp-container-core-columns-is-layout-9d6595d7 wp-block-columns-is-layout-flex\">\n<div class=\"wp-block-column is-layout-flow wp-block-column-is-layout-flow\">\n<p class=\"has-text-align-right has-timeline-background-color has-background\"><strong>since 2022<\/strong> <br><mark style=\"background-color:rgba(0, 0, 0, 0);color:#B89D51\" class=\"has-inline-color\">MBK Produceshop, Lugano, Switzerland<\/mark><br><em>Advisory Board Member <\/em><\/p>\n<\/div>\n\n\n\n<div class=\"wp-block-column is-layout-flow wp-block-column-is-layout-flow\"><\/div>\n<\/div>\n\n\n\n<div class=\"wp-block-columns is-layout-flex wp-container-core-columns-is-layout-9d6595d7 wp-block-columns-is-layout-flex\">\n<div class=\"wp-block-column is-layout-flow wp-block-column-is-layout-flow\"><\/div>\n\n\n\n<div class=\"wp-block-column is-layout-flow wp-block-column-is-layout-flow\">\n<p class=\"has-text-align-left has-timeline-background-color has-background\"><strong>2018 \u2013 2024<\/strong><br><mark style=\"background-color:rgba(0, 0, 0, 0);color:#B89D51\" class=\"has-inline-color\">Simplon Fahrrad GmbH, Hard, Austria <\/mark><br><em>Chairman of the Advisory Board<\/em><\/p>\n<\/div>\n<\/div>\n\n\n\n<div class=\"wp-block-columns is-layout-flex wp-container-core-columns-is-layout-9d6595d7 wp-block-columns-is-layout-flex\">\n<div class=\"wp-block-column is-layout-flow wp-block-column-is-layout-flow\">\n<p class=\"has-text-align-right has-timeline-background-color has-background\"><strong>2019 \u2013 2023<\/strong> <br><mark style=\"background-color:rgba(0, 0, 0, 0);color:#B89D51\" class=\"has-inline-color\">Mediashop AG, Lindau, Germany<\/mark> <br><em>Advisory Board Member  <\/em><\/p>\n<\/div>\n\n\n\n<div class=\"wp-block-column is-layout-flow wp-block-column-is-layout-flow\"><\/div>\n<\/div>\n\n\n\n<div class=\"wp-block-columns is-layout-flex wp-container-core-columns-is-layout-9d6595d7 wp-block-columns-is-layout-flex\">\n<div class=\"wp-block-column is-layout-flow wp-block-column-is-layout-flow\"><\/div>\n\n\n\n<div class=\"wp-block-column is-layout-flow wp-block-column-is-layout-flow\">\n<p class=\"has-text-align-left has-timeline-background-color has-background\"><strong><strong>2017 \u2013<\/strong> <strong>2020<\/strong><\/strong><br><mark style=\"background-color:rgba(0, 0, 0, 0);color:#B89D51\" class=\"has-inline-color\">Grofa Action Sports GmbH, Bad Camberg, Germany<\/mark><br><em>Advisory Board Member <\/em><\/p>\n<\/div>\n<\/div>\n<\/div><\/div>\n\n\n\n<div style=\"height:60px\" aria-hidden=\"true\" class=\"wp-block-spacer\"><\/div>\n\n\n\n<div class=\"wp-block-button aligncenter\"><a class=\"wp-block-button__link\" href=\"https:\/\/www.kindermann-valuecreation.com\/en\/contact\">Contact us today<\/a><\/div>\n","protected":false},"excerpt":{"rendered":"<p>since 2021Bike24 Holding AG, Dresden, GermanyChairman of the Supervisory board since 2024Jobrad Holding SE Chairman of the Advisory Board since 2020Horze International GmbH, Oslo &amp; Fulda, GermanyAdvisory Board Member since 2021 SNAP \/ 8a.pl, Gliwice, Poland Advisory Board Member since 2023 Van Raam, Varsseveld I NiederlandeAdvisory Board Member since 2023 Toner Partner, Hattingen, DeutschlandAdvisory Board [&hellip;]<\/p>\n","protected":false},"author":1,"featured_media":0,"parent":2482,"menu_order":1,"comment_status":"closed","ping_status":"closed","template":"","meta":{"_acf_changed":false,"_editorskit_title_hidden":false,"_editorskit_reading_time":1,"_editorskit_is_block_options_detached":false,"_editorskit_block_options_position":"{}","footnotes":""},"tags":[],"class_list":["post-2493","page","type-page","status-publish","hentry"],"acf":[],"yoast_head":"<!-- This site is optimized with the Yoast SEO plugin v26.8 - https:\/\/yoast.com\/product\/yoast-seo-wordpress\/ -->\n<title>Kindermann - Value Creation | Advisory Board Mandates<\/title>\n<meta name=\"description\" content=\"Ralf Kindermann verf\u00fcgt \u00fcber mehr als 25 Jahre Erfahrung als Vorstand und Gesch\u00e4ftsf\u00fchrer in der Konsumg\u00fcterindustrie.\" \/>\n<meta name=\"robots\" content=\"index, follow, max-snippet:-1, max-image-preview:large, max-video-preview:-1\" \/>\n<link rel=\"canonical\" href=\"https:\/\/www.kindermann-valuecreation.com\/en\/who-we-are\/advisory-board-mandates\/\" \/>\n<meta property=\"og:locale\" content=\"en_US\" \/>\n<meta property=\"og:type\" content=\"article\" \/>\n<meta property=\"og:title\" content=\"Kindermann - Value Creation | Advisory Board Mandates\" \/>\n<meta property=\"og:description\" content=\"Ralf Kindermann verf\u00fcgt \u00fcber mehr als 25 Jahre Erfahrung als Vorstand und Gesch\u00e4ftsf\u00fchrer in der Konsumg\u00fcterindustrie.\" \/>\n<meta property=\"og:url\" content=\"https:\/\/www.kindermann-valuecreation.com\/en\/who-we-are\/advisory-board-mandates\/\" \/>\n<meta property=\"og:site_name\" content=\"Kindermann - Value Creation\" \/>\n<meta property=\"article:modified_time\" content=\"2025-11-28T13:26:41+00:00\" \/>\n<meta property=\"og:image\" content=\"https:\/\/www.kindermann-valuecreation.com\/wp-content\/uploads\/2021\/07\/Ralf-Kindermann.jpg\" \/>\n\t<meta property=\"og:image:width\" content=\"2140\" \/>\n\t<meta property=\"og:image:height\" content=\"1200\" \/>\n\t<meta property=\"og:image:type\" content=\"image\/jpeg\" \/>\n<meta name=\"twitter:card\" content=\"summary_large_image\" \/>\n<meta name=\"twitter:label1\" content=\"Est. reading time\" \/>\n\t<meta name=\"twitter:data1\" content=\"1 minute\" \/>\n<script type=\"application\/ld+json\" class=\"yoast-schema-graph\">{\"@context\":\"https:\/\/schema.org\",\"@graph\":[{\"@type\":\"WebPage\",\"@id\":\"https:\/\/www.kindermann-valuecreation.com\/en\/who-we-are\/advisory-board-mandates\/\",\"url\":\"https:\/\/www.kindermann-valuecreation.com\/en\/who-we-are\/advisory-board-mandates\/\",\"name\":\"Kindermann - Value Creation | Advisory Board Mandates\",\"isPartOf\":{\"@id\":\"https:\/\/www.kindermann-valuecreation.com\/en\/#website\"},\"primaryImageOfPage\":{\"@id\":\"https:\/\/www.kindermann-valuecreation.com\/en\/who-we-are\/advisory-board-mandates\/#primaryimage\"},\"image\":{\"@id\":\"https:\/\/www.kindermann-valuecreation.com\/en\/who-we-are\/advisory-board-mandates\/#primaryimage\"},\"thumbnailUrl\":\"https:\/\/www.kindermann-valuecreation.com\/wp-content\/uploads\/2021\/07\/Ralf-Kindermann.jpg\",\"datePublished\":\"2019-10-21T12:00:52+00:00\",\"dateModified\":\"2025-11-28T13:26:41+00:00\",\"description\":\"Ralf Kindermann verf\u00fcgt \u00fcber mehr als 25 Jahre Erfahrung als Vorstand und Gesch\u00e4ftsf\u00fchrer in der Konsumg\u00fcterindustrie.\",\"breadcrumb\":{\"@id\":\"https:\/\/www.kindermann-valuecreation.com\/en\/who-we-are\/advisory-board-mandates\/#breadcrumb\"},\"inLanguage\":\"en-US\",\"potentialAction\":[{\"@type\":\"ReadAction\",\"target\":[\"https:\/\/www.kindermann-valuecreation.com\/en\/who-we-are\/advisory-board-mandates\/\"]}]},{\"@type\":\"ImageObject\",\"inLanguage\":\"en-US\",\"@id\":\"https:\/\/www.kindermann-valuecreation.com\/en\/who-we-are\/advisory-board-mandates\/#primaryimage\",\"url\":\"https:\/\/www.kindermann-valuecreation.com\/wp-content\/uploads\/2021\/07\/Ralf-Kindermann.jpg\",\"contentUrl\":\"https:\/\/www.kindermann-valuecreation.com\/wp-content\/uploads\/2021\/07\/Ralf-Kindermann.jpg\"},{\"@type\":\"BreadcrumbList\",\"@id\":\"https:\/\/www.kindermann-valuecreation.com\/en\/who-we-are\/advisory-board-mandates\/#breadcrumb\",\"itemListElement\":[{\"@type\":\"ListItem\",\"position\":1,\"name\":\"Home\",\"item\":\"https:\/\/www.kindermann-valuecreation.com\/en\/home\/\"},{\"@type\":\"ListItem\",\"position\":2,\"name\":\"Who we are\",\"item\":\"https:\/\/www.kindermann-valuecreation.com\/en\/who-we-are\/\"},{\"@type\":\"ListItem\",\"position\":3,\"name\":\"Advisory Board Mandates\"}]},{\"@type\":\"WebSite\",\"@id\":\"https:\/\/www.kindermann-valuecreation.com\/en\/#website\",\"url\":\"https:\/\/www.kindermann-valuecreation.com\/en\/\",\"name\":\"Kindermann - Value Creation\",\"description\":\"\",\"publisher\":{\"@id\":\"https:\/\/www.kindermann-valuecreation.com\/en\/#organization\"},\"potentialAction\":[{\"@type\":\"SearchAction\",\"target\":{\"@type\":\"EntryPoint\",\"urlTemplate\":\"https:\/\/www.kindermann-valuecreation.com\/en\/?s={search_term_string}\"},\"query-input\":{\"@type\":\"PropertyValueSpecification\",\"valueRequired\":true,\"valueName\":\"search_term_string\"}}],\"inLanguage\":\"en-US\"},{\"@type\":\"Organization\",\"@id\":\"https:\/\/www.kindermann-valuecreation.com\/en\/#organization\",\"name\":\"KINDERMANN - VALUE CREATION\",\"url\":\"https:\/\/www.kindermann-valuecreation.com\/en\/\",\"logo\":{\"@type\":\"ImageObject\",\"inLanguage\":\"en-US\",\"@id\":\"https:\/\/www.kindermann-valuecreation.com\/en\/#\/schema\/logo\/image\/\",\"url\":\"https:\/\/www.kindermann-valuecreation.com\/wp-content\/uploads\/2020\/02\/kindermann-value-creation.png\",\"contentUrl\":\"https:\/\/www.kindermann-valuecreation.com\/wp-content\/uploads\/2020\/02\/kindermann-value-creation.png\",\"width\":158,\"height\":37,\"caption\":\"KINDERMANN - VALUE CREATION\"},\"image\":{\"@id\":\"https:\/\/www.kindermann-valuecreation.com\/en\/#\/schema\/logo\/image\/\"}}]}<\/script>\n<!-- \/ Yoast SEO plugin. -->","yoast_head_json":{"title":"Kindermann - Value Creation | Advisory Board Mandates","description":"Ralf Kindermann verf\u00fcgt \u00fcber mehr als 25 Jahre Erfahrung als Vorstand und Gesch\u00e4ftsf\u00fchrer in der Konsumg\u00fcterindustrie.","robots":{"index":"index","follow":"follow","max-snippet":"max-snippet:-1","max-image-preview":"max-image-preview:large","max-video-preview":"max-video-preview:-1"},"canonical":"https:\/\/www.kindermann-valuecreation.com\/en\/who-we-are\/advisory-board-mandates\/","og_locale":"en_US","og_type":"article","og_title":"Kindermann - Value Creation | Advisory Board Mandates","og_description":"Ralf Kindermann verf\u00fcgt \u00fcber mehr als 25 Jahre Erfahrung als Vorstand und Gesch\u00e4ftsf\u00fchrer in der Konsumg\u00fcterindustrie.","og_url":"https:\/\/www.kindermann-valuecreation.com\/en\/who-we-are\/advisory-board-mandates\/","og_site_name":"Kindermann - Value Creation","article_modified_time":"2025-11-28T13:26:41+00:00","og_image":[{"width":2140,"height":1200,"url":"https:\/\/www.kindermann-valuecreation.com\/wp-content\/uploads\/2021\/07\/Ralf-Kindermann.jpg","type":"image\/jpeg"}],"twitter_card":"summary_large_image","twitter_misc":{"Est. reading time":"1 minute"},"schema":{"@context":"https:\/\/schema.org","@graph":[{"@type":"WebPage","@id":"https:\/\/www.kindermann-valuecreation.com\/en\/who-we-are\/advisory-board-mandates\/","url":"https:\/\/www.kindermann-valuecreation.com\/en\/who-we-are\/advisory-board-mandates\/","name":"Kindermann - Value Creation | Advisory Board Mandates","isPartOf":{"@id":"https:\/\/www.kindermann-valuecreation.com\/en\/#website"},"primaryImageOfPage":{"@id":"https:\/\/www.kindermann-valuecreation.com\/en\/who-we-are\/advisory-board-mandates\/#primaryimage"},"image":{"@id":"https:\/\/www.kindermann-valuecreation.com\/en\/who-we-are\/advisory-board-mandates\/#primaryimage"},"thumbnailUrl":"https:\/\/www.kindermann-valuecreation.com\/wp-content\/uploads\/2021\/07\/Ralf-Kindermann.jpg","datePublished":"2019-10-21T12:00:52+00:00","dateModified":"2025-11-28T13:26:41+00:00","description":"Ralf Kindermann verf\u00fcgt \u00fcber mehr als 25 Jahre Erfahrung als Vorstand und Gesch\u00e4ftsf\u00fchrer in der Konsumg\u00fcterindustrie.","breadcrumb":{"@id":"https:\/\/www.kindermann-valuecreation.com\/en\/who-we-are\/advisory-board-mandates\/#breadcrumb"},"inLanguage":"en-US","potentialAction":[{"@type":"ReadAction","target":["https:\/\/www.kindermann-valuecreation.com\/en\/who-we-are\/advisory-board-mandates\/"]}]},{"@type":"ImageObject","inLanguage":"en-US","@id":"https:\/\/www.kindermann-valuecreation.com\/en\/who-we-are\/advisory-board-mandates\/#primaryimage","url":"https:\/\/www.kindermann-valuecreation.com\/wp-content\/uploads\/2021\/07\/Ralf-Kindermann.jpg","contentUrl":"https:\/\/www.kindermann-valuecreation.com\/wp-content\/uploads\/2021\/07\/Ralf-Kindermann.jpg"},{"@type":"BreadcrumbList","@id":"https:\/\/www.kindermann-valuecreation.com\/en\/who-we-are\/advisory-board-mandates\/#breadcrumb","itemListElement":[{"@type":"ListItem","position":1,"name":"Home","item":"https:\/\/www.kindermann-valuecreation.com\/en\/home\/"},{"@type":"ListItem","position":2,"name":"Who we are","item":"https:\/\/www.kindermann-valuecreation.com\/en\/who-we-are\/"},{"@type":"ListItem","position":3,"name":"Advisory Board Mandates"}]},{"@type":"WebSite","@id":"https:\/\/www.kindermann-valuecreation.com\/en\/#website","url":"https:\/\/www.kindermann-valuecreation.com\/en\/","name":"Kindermann - Value Creation","description":"","publisher":{"@id":"https:\/\/www.kindermann-valuecreation.com\/en\/#organization"},"potentialAction":[{"@type":"SearchAction","target":{"@type":"EntryPoint","urlTemplate":"https:\/\/www.kindermann-valuecreation.com\/en\/?s={search_term_string}"},"query-input":{"@type":"PropertyValueSpecification","valueRequired":true,"valueName":"search_term_string"}}],"inLanguage":"en-US"},{"@type":"Organization","@id":"https:\/\/www.kindermann-valuecreation.com\/en\/#organization","name":"KINDERMANN - VALUE CREATION","url":"https:\/\/www.kindermann-valuecreation.com\/en\/","logo":{"@type":"ImageObject","inLanguage":"en-US","@id":"https:\/\/www.kindermann-valuecreation.com\/en\/#\/schema\/logo\/image\/","url":"https:\/\/www.kindermann-valuecreation.com\/wp-content\/uploads\/2020\/02\/kindermann-value-creation.png","contentUrl":"https:\/\/www.kindermann-valuecreation.com\/wp-content\/uploads\/2020\/02\/kindermann-value-creation.png","width":158,"height":37,"caption":"KINDERMANN - VALUE CREATION"},"image":{"@id":"https:\/\/www.kindermann-valuecreation.com\/en\/#\/schema\/logo\/image\/"}}]}},"_links":{"self":[{"href":"https:\/\/www.kindermann-valuecreation.com\/en\/wp-json\/wp\/v2\/pages\/2493","targetHints":{"allow":["GET"]}}],"collection":[{"href":"https:\/\/www.kindermann-valuecreation.com\/en\/wp-json\/wp\/v2\/pages"}],"about":[{"href":"https:\/\/www.kindermann-valuecreation.com\/en\/wp-json\/wp\/v2\/types\/page"}],"author":[{"embeddable":true,"href":"https:\/\/www.kindermann-valuecreation.com\/en\/wp-json\/wp\/v2\/users\/1"}],"replies":[{"embeddable":true,"href":"https:\/\/www.kindermann-valuecreation.com\/en\/wp-json\/wp\/v2\/comments?post=2493"}],"version-history":[{"count":15,"href":"https:\/\/www.kindermann-valuecreation.com\/en\/wp-json\/wp\/v2\/pages\/2493\/revisions"}],"predecessor-version":[{"id":2879,"href":"https:\/\/www.kindermann-valuecreation.com\/en\/wp-json\/wp\/v2\/pages\/2493\/revisions\/2879"}],"up":[{"embeddable":true,"href":"https:\/\/www.kindermann-valuecreation.com\/en\/wp-json\/wp\/v2\/pages\/2482"}],"wp:attachment":[{"href":"https:\/\/www.kindermann-valuecreation.com\/en\/wp-json\/wp\/v2\/media?parent=2493"}],"wp:term":[{"taxonomy":"post_tag","embeddable":true,"href":"https:\/\/www.kindermann-valuecreation.com\/en\/wp-json\/wp\/v2\/tags?post=2493"}],"curies":[{"name":"wp","href":"https:\/\/api.w.org\/{rel}","templated":true}]}}