{"id":2482,"date":"2019-07-23T13:03:43","date_gmt":"2019-07-23T11:03:43","guid":{"rendered":"https:\/\/www.kindermann-valuecreation.com\/wer-wir-sind"},"modified":"2023-05-03T09:15:48","modified_gmt":"2023-05-03T07:15:48","slug":"who-we-are","status":"publish","type":"page","link":"https:\/\/www.kindermann-valuecreation.com\/en\/who-we-are\/","title":{"rendered":"Who we are"},"content":{"rendered":"\n<div class=\"wp-block-columns alignwide is-layout-flex wp-container-core-columns-is-layout-9d6595d7 wp-block-columns-is-layout-flex\">\n<div class=\"wp-block-column is-vertically-aligned-center is-layout-flow wp-block-column-is-layout-flow\">\n<p class=\"has-text-align-right has-large-font-size\">Ralf Kindermann has held top management positions as a board member and managing director in companies in the cycling, outdoor, and sporting goods industry for over 25 years.<\/p>\n<\/div>\n\n\n\n<div class=\"wp-block-column is-layout-flow wp-block-column-is-layout-flow\"><\/div>\n<\/div>\n\n\n\n<div class=\"wp-block-columns alignfull is-layout-flex wp-container-core-columns-is-layout-9d6595d7 wp-block-columns-is-layout-flex\">\n<div class=\"wp-block-column is-vertically-aligned-center has-align-right is-layout-flow wp-block-column-is-layout-flow\">\n\n\n<a id=\"blocklink-block_f787c958280d0448836e609210e286c8\" class=\"us_blocklink focus-block  \" href=\"https:\/\/www.kindermann-valuecreation.com\/en\/who-we-are\/vita\" >\n  <div class=\"us_blocklink-inner\">\n    <div class=\"us_blocklink-inner__title\">Vita<\/div>\n      <\/div>\n<\/a>\n\n\n\n\n\n\n<a id=\"blocklink-block_2603861c0822f4353ab2cc5e7d385c93\" class=\"us_blocklink focus-block  \" href=\"https:\/\/www.kindermann-valuecreation.com\/en\/who-we-are\/advisory-board-mandates\/\" >\n  <div class=\"us_blocklink-inner\">\n    <div class=\"us_blocklink-inner__title\">Advisory board mandates<\/div>\n      <\/div>\n<\/a>\n\n\n\n\n\n\n<a id=\"blocklink-block_dc941b1d0021a5d85cc088e119482bdc\" class=\"us_blocklink focus-block  \" href=\"https:\/\/www.kindermann-valuecreation.com\/en\/who-we-are\/experience-expertise\" >\n  <div class=\"us_blocklink-inner\">\n    <div class=\"us_blocklink-inner__title\">Experience &amp; expertise<\/div>\n      <\/div>\n<\/a>\n\n\n\n\n<div style=\"height:30px\" aria-hidden=\"true\" class=\"wp-block-spacer\"><\/div>\n<\/div>\n\n\n\n<div class=\"wp-block-column is-layout-flow wp-block-column-is-layout-flow\">\n<div class=\"wp-block-cover is-light\"><span aria-hidden=\"true\" class=\"wp-block-cover__background has-background-dim-0 has-background-dim\"><\/span><img decoding=\"async\" width=\"2140\" height=\"1200\" class=\"wp-block-cover__image-background wp-image-2234\" alt=\"\" src=\"https:\/\/www.kindermann-valuecreation.com\/wp-content\/uploads\/2021\/07\/Ralf-Kindermann.jpg\" data-object-fit=\"cover\" srcset=\"https:\/\/www.kindermann-valuecreation.com\/wp-content\/uploads\/2021\/07\/Ralf-Kindermann.jpg 2140w, https:\/\/www.kindermann-valuecreation.com\/wp-content\/uploads\/2021\/07\/Ralf-Kindermann-300x168.jpg 300w, https:\/\/www.kindermann-valuecreation.com\/wp-content\/uploads\/2021\/07\/Ralf-Kindermann-1024x574.jpg 1024w, https:\/\/www.kindermann-valuecreation.com\/wp-content\/uploads\/2021\/07\/Ralf-Kindermann-768x431.jpg 768w, https:\/\/www.kindermann-valuecreation.com\/wp-content\/uploads\/2021\/07\/Ralf-Kindermann-1536x861.jpg 1536w, https:\/\/www.kindermann-valuecreation.com\/wp-content\/uploads\/2021\/07\/Ralf-Kindermann-2048x1148.jpg 2048w, https:\/\/www.kindermann-valuecreation.com\/wp-content\/uploads\/2021\/07\/Ralf-Kindermann-860x482.jpg 860w, https:\/\/www.kindermann-valuecreation.com\/wp-content\/uploads\/2021\/07\/Ralf-Kindermann-420x236.jpg 420w, https:\/\/www.kindermann-valuecreation.com\/wp-content\/uploads\/2021\/07\/Ralf-Kindermann-1380x774.jpg 1380w, https:\/\/&#119;&#119;&#x77;&#x2e;&#x6b;&#x69;nd&#101;&#114;&#x6d;&#x61;&#x6e;&#x6e;-v&#97;&#108;&#117;&#x65;&#x63;&#x72;&#x65;at&#105;&#111;&#x6e;&#x2e;&#x63;&#x6f;m\/&#119;&#112;&#x2d;&#x63;&#x6f;&#x6e;te&#110;&#116;&#47;&#x75;&#x70;&#x6c;&#x6f;ad&#115;&#47;&#x32;&#x30;&#x32;&#x31;\/0&#55;&#47;&#x52;&#x61;&#x6c;&#x66;-K&#105;&#110;&#100;&#x65;&#x72;&#x6d;&#x61;nn&#45;&#51;&#x30;&#x30;&#x78;&#x31;68&#64;&#50;&#x78;&#x2e;&#x6a;&#x70;g 600w, https:\/\/www&#46;ki&#110;&#100;&#101;&#114;&#109;&#97;&#110;&#110;&#45;&#118;&#x61;&#x6c;&#x75;&#x65;&#x63;&#x72;&#x65;&#x61;&#x74;&#x69;&#x6f;&#x6e;&#x2e;&#x63;&#x6f;m\/wp-con&#116;&#101;&#110;&#116;&#47;&#117;&#112;&#108;&#111;&#97;&#x64;&#x73;&#x2f;&#x32;&#x30;&#x32;&#x31;&#x2f;&#x30;&#x37;&#x2f;&#x52;&#x61;&#x6c;&#x66;-Kinderm&#97;&#110;&#110;&#45;&#56;&#54;&#48;&#120;&#52;&#56;&#50;&#x40;&#x32;&#x78;&#x2e;&#x6a;&#x70;&#x67; 1720w, https:\/\/&#119;&#119;&#119;&#x2e;&#x6b;&#x69;&#x6e;&#x64;er&#109;&#97;&#110;&#x6e;&#x2d;&#x76;&#x61;&#x6c;ue&#99;&#114;&#101;&#x61;&#x74;&#x69;&#x6f;&#x6e;&#46;c&#111;&#109;&#47;&#x77;&#x70;&#x2d;&#x63;&#x6f;nt&#101;&#110;&#116;&#x2f;&#x75;&#x70;&#x6c;&#x6f;ad&#115;&#47;&#50;&#x30;&#x32;&#x31;&#x2f;&#x30;7\/&#82;&#97;&#108;&#x66;&#x2d;&#x4b;&#x69;&#x6e;de&#114;&#109;&#97;&#x6e;&#x6e;&#x2d;&#x34;&#x32;0x&#50;&#51;&#54;&#x40;&#x32;&#x78;&#x2e;&#x6a;pg 840w\" sizes=\"(max-width: 2140px) 100vw, 2140px\" \/><div class=\"wp-block-cover__inner-container is-layout-flow wp-block-cover-is-layout-flow\">\n<p class=\"has-text-align-center has-large-font-size\"><\/p>\n<\/div><\/div>\n<\/div>\n<\/div>\n\n\n\n<div class=\"wp-block-columns alignfull is-layout-flex wp-container-core-columns-is-layout-9d6595d7 wp-block-columns-is-layout-flex\">\n<div class=\"wp-block-column is-layout-flow wp-block-column-is-layout-flow\">\t\t<div class=\"km_video alignauto\">\n\t\t<div class=\"km_video__preview\" onclick=\"this.nextElementSibling.style.display='block'; this.style.display='none'\">\n\t\t\n\t\t<span>Ralf Kindermann<\/span>\t\t\t<h2>NOAH<br \/>\r\nConference <\/h2>\t\t\t\t\t\t<img decoding=\"async\" src=\"https:\/\/www.kindermann-valuecreation.com\/wp-content\/themes\/ursprung-kindermann\/assets\/images\/video\/video_preview.svg\" style=\"cursor:pointer\" \/>\n\t\t\t\t\t\t\t<\/div>\n\t\t<div class=\"km_video__container\" style=\"display:none;\">\n\t\t\t<iframe src=\"https:\/\/www.youtube-nocookie.com\/embed\/5FNmIFZHpEc\" allow=\"accelerometer; autoplay; encrypted-media; gyroscope; picture-in-picture\" allowfullscreen=\"\"  frameborder=\"0\"><\/iframe>\n\t\t<\/div><\/div>\n\t\t<\/div>\n\n\n\n<div class=\"wp-block-column is-layout-flow wp-block-column-is-layout-flow\">\t\t<div class=\"km_video alignauto\">\n\t\t<div class=\"km_video__preview\" onclick=\"this.nextElementSibling.style.display='block'; this.style.display='none'\">\n\t\t\n\t\t<span>Ralf Kindermann<\/span>\t\t\t<h2>Nordic<br \/>\r\nE-Commerce Summit<\/h2>\t\t\t\t\t\t<img decoding=\"async\" src=\"https:\/\/www.kindermann-valuecreation.com\/wp-content\/themes\/ursprung-kindermann\/assets\/images\/video\/video_preview.svg\" style=\"cursor:pointer\" \/>\n\t\t\t\t\t\t\t<\/div>\n\t\t<div class=\"km_video__container\" style=\"display:none;\">\n\t\t\t<iframe src=\"https:\/\/www.youtube-nocookie.com\/embed\/g1fw-VALvTg\" allow=\"accelerometer; autoplay; encrypted-media; gyroscope; picture-in-picture\" allowfullscreen=\"\"  frameborder=\"0\"><\/iframe>\n\t\t<\/div><\/div>\n\t\t<\/div>\n<\/div>\n","protected":false},"excerpt":{"rendered":"<p>Ralf Kindermann has held top management positions as a board member and managing director in companies in the cycling, outdoor, and sporting goods industry for over 25 years.<\/p>\n","protected":false},"author":1,"featured_media":0,"parent":0,"menu_order":3,"comment_status":"closed","ping_status":"closed","template":"","meta":{"_acf_changed":false,"_editorskit_title_hidden":false,"_editorskit_reading_time":1,"_editorskit_is_block_options_detached":false,"_editorskit_block_options_position":"{}","footnotes":""},"tags":[],"class_list":["post-2482","page","type-page","status-publish","hentry"],"acf":[],"yoast_head":"<!-- This site is optimized with the Yoast SEO plugin v26.8 - https:\/\/yoast.com\/product\/yoast-seo-wordpress\/ -->\n<title>Kindermann - Value Creation | Who we are<\/title>\n<meta name=\"description\" content=\"Ralf Kindermann ist seit 25 Jahren in Top-Management Positionen als Vorstand und Gesch\u00e4ftsf\u00fchrer in der Sportartikelbranche erfolgreich t\u00e4tig.\" \/>\n<meta name=\"robots\" content=\"index, follow, max-snippet:-1, max-image-preview:large, max-video-preview:-1\" \/>\n<link rel=\"canonical\" href=\"https:\/\/www.kindermann-valuecreation.com\/en\/who-we-are\/\" \/>\n<meta property=\"og:locale\" content=\"en_US\" \/>\n<meta property=\"og:type\" content=\"article\" \/>\n<meta property=\"og:title\" content=\"Kindermann - Value Creation | Who we are\" \/>\n<meta property=\"og:description\" content=\"Ralf Kindermann ist seit 25 Jahren in Top-Management Positionen als Vorstand und Gesch\u00e4ftsf\u00fchrer in der Sportartikelbranche erfolgreich t\u00e4tig.\" \/>\n<meta property=\"og:url\" content=\"https:\/\/www.kindermann-valuecreation.com\/en\/who-we-are\/\" \/>\n<meta property=\"og:site_name\" content=\"Kindermann - Value Creation\" \/>\n<meta property=\"article:modified_time\" content=\"2023-05-03T07:15:48+00:00\" \/>\n<meta property=\"og:image\" content=\"https:\/\/www.kindermann-valuecreation.com\/wp-content\/uploads\/2021\/07\/Ralf-Kindermann.jpg\" \/>\n<meta name=\"twitter:card\" content=\"summary_large_image\" \/>\n<meta name=\"twitter:label1\" content=\"Est. reading time\" \/>\n\t<meta name=\"twitter:data1\" content=\"1 minute\" \/>\n<script type=\"application\/ld+json\" class=\"yoast-schema-graph\">{\"@context\":\"https:\/\/schema.org\",\"@graph\":[{\"@type\":\"WebPage\",\"@id\":\"https:\/\/www.kindermann-valuecreation.com\/en\/who-we-are\/\",\"url\":\"https:\/\/www.kindermann-valuecreation.com\/en\/who-we-are\/\",\"name\":\"Kindermann - Value Creation | Who we are\",\"isPartOf\":{\"@id\":\"https:\/\/www.kindermann-valuecreation.com\/en\/#website\"},\"primaryImageOfPage\":{\"@id\":\"https:\/\/www.kindermann-valuecreation.com\/en\/who-we-are\/#primaryimage\"},\"image\":{\"@id\":\"https:\/\/www.kindermann-valuecreation.com\/en\/who-we-are\/#primaryimage\"},\"thumbnailUrl\":\"https:\/\/www.kindermann-valuecreation.com\/wp-content\/uploads\/2021\/07\/Ralf-Kindermann.jpg\",\"datePublished\":\"2019-07-23T11:03:43+00:00\",\"dateModified\":\"2023-05-03T07:15:48+00:00\",\"description\":\"Ralf Kindermann ist seit 25 Jahren in Top-Management Positionen als Vorstand und Gesch\u00e4ftsf\u00fchrer in der Sportartikelbranche erfolgreich t\u00e4tig.\",\"breadcrumb\":{\"@id\":\"https:\/\/www.kindermann-valuecreation.com\/en\/who-we-are\/#breadcrumb\"},\"inLanguage\":\"en-US\",\"potentialAction\":[{\"@type\":\"ReadAction\",\"target\":[\"https:\/\/www.kindermann-valuecreation.com\/en\/who-we-are\/\"]}]},{\"@type\":\"ImageObject\",\"inLanguage\":\"en-US\",\"@id\":\"https:\/\/www.kindermann-valuecreation.com\/en\/who-we-are\/#primaryimage\",\"url\":\"https:\/\/www.kindermann-valuecreation.com\/wp-content\/uploads\/2021\/07\/Ralf-Kindermann.jpg\",\"contentUrl\":\"https:\/\/www.kindermann-valuecreation.com\/wp-content\/uploads\/2021\/07\/Ralf-Kindermann.jpg\"},{\"@type\":\"BreadcrumbList\",\"@id\":\"https:\/\/www.kindermann-valuecreation.com\/en\/who-we-are\/#breadcrumb\",\"itemListElement\":[{\"@type\":\"ListItem\",\"position\":1,\"name\":\"Home\",\"item\":\"https:\/\/www.kindermann-valuecreation.com\/en\/home\/\"},{\"@type\":\"ListItem\",\"position\":2,\"name\":\"Who we are\"}]},{\"@type\":\"WebSite\",\"@id\":\"https:\/\/www.kindermann-valuecreation.com\/en\/#website\",\"url\":\"https:\/\/www.kindermann-valuecreation.com\/en\/\",\"name\":\"Kindermann - Value Creation\",\"description\":\"\",\"publisher\":{\"@id\":\"https:\/\/www.kindermann-valuecreation.com\/en\/#organization\"},\"potentialAction\":[{\"@type\":\"SearchAction\",\"target\":{\"@type\":\"EntryPoint\",\"urlTemplate\":\"https:\/\/www.kindermann-valuecreation.com\/en\/?s={search_term_string}\"},\"query-input\":{\"@type\":\"PropertyValueSpecification\",\"valueRequired\":true,\"valueName\":\"search_term_string\"}}],\"inLanguage\":\"en-US\"},{\"@type\":\"Organization\",\"@id\":\"https:\/\/www.kindermann-valuecreation.com\/en\/#organization\",\"name\":\"KINDERMANN - VALUE CREATION\",\"url\":\"https:\/\/www.kindermann-valuecreation.com\/en\/\",\"logo\":{\"@type\":\"ImageObject\",\"inLanguage\":\"en-US\",\"@id\":\"https:\/\/www.kindermann-valuecreation.com\/en\/#\/schema\/logo\/image\/\",\"url\":\"https:\/\/www.kindermann-valuecreation.com\/wp-content\/uploads\/2020\/02\/kindermann-value-creation.png\",\"contentUrl\":\"https:\/\/www.kindermann-valuecreation.com\/wp-content\/uploads\/2020\/02\/kindermann-value-creation.png\",\"width\":158,\"height\":37,\"caption\":\"KINDERMANN - VALUE CREATION\"},\"image\":{\"@id\":\"https:\/\/www.kindermann-valuecreation.com\/en\/#\/schema\/logo\/image\/\"}}]}<\/script>\n<!-- \/ Yoast SEO plugin. -->","yoast_head_json":{"title":"Kindermann - Value Creation | Who we are","description":"Ralf Kindermann ist seit 25 Jahren in Top-Management Positionen als Vorstand und Gesch\u00e4ftsf\u00fchrer in der Sportartikelbranche erfolgreich t\u00e4tig.","robots":{"index":"index","follow":"follow","max-snippet":"max-snippet:-1","max-image-preview":"max-image-preview:large","max-video-preview":"max-video-preview:-1"},"canonical":"https:\/\/www.kindermann-valuecreation.com\/en\/who-we-are\/","og_locale":"en_US","og_type":"article","og_title":"Kindermann - Value Creation | Who we are","og_description":"Ralf Kindermann ist seit 25 Jahren in Top-Management Positionen als Vorstand und Gesch\u00e4ftsf\u00fchrer in der Sportartikelbranche erfolgreich t\u00e4tig.","og_url":"https:\/\/www.kindermann-valuecreation.com\/en\/who-we-are\/","og_site_name":"Kindermann - Value Creation","article_modified_time":"2023-05-03T07:15:48+00:00","og_image":[{"url":"https:\/\/www.kindermann-valuecreation.com\/wp-content\/uploads\/2021\/07\/Ralf-Kindermann.jpg","type":"","width":"","height":""}],"twitter_card":"summary_large_image","twitter_misc":{"Est. reading time":"1 minute"},"schema":{"@context":"https:\/\/schema.org","@graph":[{"@type":"WebPage","@id":"https:\/\/www.kindermann-valuecreation.com\/en\/who-we-are\/","url":"https:\/\/www.kindermann-valuecreation.com\/en\/who-we-are\/","name":"Kindermann - Value Creation | Who we are","isPartOf":{"@id":"https:\/\/www.kindermann-valuecreation.com\/en\/#website"},"primaryImageOfPage":{"@id":"https:\/\/www.kindermann-valuecreation.com\/en\/who-we-are\/#primaryimage"},"image":{"@id":"https:\/\/www.kindermann-valuecreation.com\/en\/who-we-are\/#primaryimage"},"thumbnailUrl":"https:\/\/www.kindermann-valuecreation.com\/wp-content\/uploads\/2021\/07\/Ralf-Kindermann.jpg","datePublished":"2019-07-23T11:03:43+00:00","dateModified":"2023-05-03T07:15:48+00:00","description":"Ralf Kindermann ist seit 25 Jahren in Top-Management Positionen als Vorstand und Gesch\u00e4ftsf\u00fchrer in der Sportartikelbranche erfolgreich t\u00e4tig.","breadcrumb":{"@id":"https:\/\/www.kindermann-valuecreation.com\/en\/who-we-are\/#breadcrumb"},"inLanguage":"en-US","potentialAction":[{"@type":"ReadAction","target":["https:\/\/www.kindermann-valuecreation.com\/en\/who-we-are\/"]}]},{"@type":"ImageObject","inLanguage":"en-US","@id":"https:\/\/www.kindermann-valuecreation.com\/en\/who-we-are\/#primaryimage","url":"https:\/\/www.kindermann-valuecreation.com\/wp-content\/uploads\/2021\/07\/Ralf-Kindermann.jpg","contentUrl":"https:\/\/www.kindermann-valuecreation.com\/wp-content\/uploads\/2021\/07\/Ralf-Kindermann.jpg"},{"@type":"BreadcrumbList","@id":"https:\/\/www.kindermann-valuecreation.com\/en\/who-we-are\/#breadcrumb","itemListElement":[{"@type":"ListItem","position":1,"name":"Home","item":"https:\/\/www.kindermann-valuecreation.com\/en\/home\/"},{"@type":"ListItem","position":2,"name":"Who we are"}]},{"@type":"WebSite","@id":"https:\/\/www.kindermann-valuecreation.com\/en\/#website","url":"https:\/\/www.kindermann-valuecreation.com\/en\/","name":"Kindermann - Value Creation","description":"","publisher":{"@id":"https:\/\/www.kindermann-valuecreation.com\/en\/#organization"},"potentialAction":[{"@type":"SearchAction","target":{"@type":"EntryPoint","urlTemplate":"https:\/\/www.kindermann-valuecreation.com\/en\/?s={search_term_string}"},"query-input":{"@type":"PropertyValueSpecification","valueRequired":true,"valueName":"search_term_string"}}],"inLanguage":"en-US"},{"@type":"Organization","@id":"https:\/\/www.kindermann-valuecreation.com\/en\/#organization","name":"KINDERMANN - VALUE CREATION","url":"https:\/\/www.kindermann-valuecreation.com\/en\/","logo":{"@type":"ImageObject","inLanguage":"en-US","@id":"https:\/\/www.kindermann-valuecreation.com\/en\/#\/schema\/logo\/image\/","url":"https:\/\/www.kindermann-valuecreation.com\/wp-content\/uploads\/2020\/02\/kindermann-value-creation.png","contentUrl":"https:\/\/www.kindermann-valuecreation.com\/wp-content\/uploads\/2020\/02\/kindermann-value-creation.png","width":158,"height":37,"caption":"KINDERMANN - VALUE CREATION"},"image":{"@id":"https:\/\/www.kindermann-valuecreation.com\/en\/#\/schema\/logo\/image\/"}}]}},"_links":{"self":[{"href":"https:\/\/www.kindermann-valuecreation.com\/en\/wp-json\/wp\/v2\/pages\/2482","targetHints":{"allow":["GET"]}}],"collection":[{"href":"https:\/\/www.kindermann-valuecreation.com\/en\/wp-json\/wp\/v2\/pages"}],"about":[{"href":"https:\/\/www.kindermann-valuecreation.com\/en\/wp-json\/wp\/v2\/types\/page"}],"author":[{"embeddable":true,"href":"https:\/\/www.kindermann-valuecreation.com\/en\/wp-json\/wp\/v2\/users\/1"}],"replies":[{"embeddable":true,"href":"https:\/\/www.kindermann-valuecreation.com\/en\/wp-json\/wp\/v2\/comments?post=2482"}],"version-history":[{"count":15,"href":"https:\/\/www.kindermann-valuecreation.com\/en\/wp-json\/wp\/v2\/pages\/2482\/revisions"}],"predecessor-version":[{"id":2805,"href":"https:\/\/www.kindermann-valuecreation.com\/en\/wp-json\/wp\/v2\/pages\/2482\/revisions\/2805"}],"wp:attachment":[{"href":"https:\/\/www.kindermann-valuecreation.com\/en\/wp-json\/wp\/v2\/media?parent=2482"}],"wp:term":[{"taxonomy":"post_tag","embeddable":true,"href":"https:\/\/www.kindermann-valuecreation.com\/en\/wp-json\/wp\/v2\/tags?post=2482"}],"curies":[{"name":"wp","href":"https:\/\/api.w.org\/{rel}","templated":true}]}}