{"id":2411,"date":"2019-10-15T11:52:25","date_gmt":"2019-10-15T09:52:25","guid":{"rendered":"https:\/\/www.kindermann-valuecreation.com\/how-we-do-it\/value-creation"},"modified":"2022-06-01T15:06:32","modified_gmt":"2022-06-01T13:06:32","slug":"value-creation","status":"publish","type":"page","link":"https:\/\/www.kindermann-valuecreation.com\/en\/what-we-do\/value-creation\/","title":{"rendered":"Value creation"},"content":{"rendered":"\n<div class=\"wp-block-cover alignfull is-light has-parallax\" style=\"background-image:url(https:\/\/www.kindermann-valuecreation.com\/wp-content\/uploads\/2020\/01\/diamant_full.jpg)\"><span aria-hidden=\"true\" class=\"wp-block-cover__background has-primary-background-color has-background-dim-20 has-background-dim\"><\/span><div class=\"wp-block-cover__inner-container is-layout-flow wp-block-cover-is-layout-flow\">\n<blockquote class=\"wp-block-quote is-layout-flow wp-block-quote-is-layout-flow\"><p><mark style=\"background-color:rgba(0, 0, 0, 0)\" class=\"has-inline-color has-accent-color\">We help<\/mark> business founders, owners, and proprietors <mark style=\"background-color:rgba(0, 0, 0, 0)\" class=\"has-inline-color has-accent-color\">maximize the value<\/mark> of their most <mark style=\"background-color:rgba(0, 0, 0, 0)\" class=\"has-inline-color has-accent-color\">important asset<\/mark> &#8211; their <mark style=\"background-color:rgba(0, 0, 0, 0)\" class=\"has-inline-color has-accent-color\">business<\/mark>.<\/p><\/blockquote>\n<\/div><\/div>\n\n\n\n<div class=\"wp-block-columns alignwide is-layout-flex wp-container-core-columns-is-layout-9d6595d7 wp-block-columns-is-layout-flex\">\n<div class=\"wp-block-column is-layout-flow wp-block-column-is-layout-flow\">\n<h2 class=\"has-arrow wp-block-heading\" id=\"strategy-development-to-maximize-enterprise-value\">Strategy development to maximize enterprise value<\/h2>\n\n\n\n<p><mark style=\"background-color:rgba(0, 0, 0, 0)\" class=\"has-inline-color has-accent-color\">We help<\/mark> business founders, owners, and proprietors <mark style=\"background-color:rgba(0, 0, 0, 0)\" class=\"has-inline-color has-accent-color\">maximize the value of their most important asset<\/mark>\u2014their business.<\/p>\n\n\n\n<p>Many decisions impact directly on enterprise value\u2014not always immediately, but often in the medium and long term. We provide support in making the very best decision, namely the one that most closely suits the company\u2019s objectives and requirements regarding enterprise value.&nbsp;<\/p>\n<\/div>\n\n\n\n<div class=\"wp-block-column is-layout-flow wp-block-column-is-layout-flow\">\n<h2 class=\"wp-block-heading\" id=\"strategic-asset-development\">Strategic asset development<\/h2>\n\n\n\n<p>Successful strategic asset development calls for <mark style=\"background-color:rgba(0, 0, 0, 0)\" class=\"has-inline-color has-accent-color\">comprehensive planning and a roadmap to the objective<\/mark>, both in <mark style=\"background-color:rgba(0, 0, 0, 0)\" class=\"has-inline-color has-accent-color\">quantitative and qualitative<\/mark> terms. This is necessary, firstly, in order to describe and understand the objective precisely, and secondly, so that all the <mark style=\"background-color:rgba(0, 0, 0, 0)\" class=\"has-inline-color has-accent-color\">company\u2019s resources can be bundled and used effectively<\/mark>.&nbsp;<\/p>\n<\/div>\n<\/div>\n\n\n\n<div class=\"wp-block-columns alignwide is-layout-flex wp-container-core-columns-is-layout-9d6595d7 wp-block-columns-is-layout-flex\">\n<div class=\"wp-block-column is-layout-flow wp-block-column-is-layout-flow\">\n<h2 class=\"wp-block-heading\" id=\"growth-strategy-and-management\">Growth strategy and management<\/h2>\n\n\n\n<p>We help owners and managers <mark style=\"background-color:rgba(0, 0, 0, 0)\" class=\"has-inline-color has-accent-color\">devise sustainable and market-specific growth strategies<\/mark> and also oversee their implementation.<\/p>\n\n\n\n<p>Companies in strong growth phases with sustained growth rates of 30% and substantially higher also face specific challenges, especially in the areas of organization, processes, customer satisfaction, and financing.&nbsp;<\/p>\n<\/div>\n\n\n\n<div class=\"wp-block-column is-layout-flow wp-block-column-is-layout-flow\">\n<h2 class=\"wp-block-heading\" id=\"equity-story\">Equity story<\/h2>\n\n\n\n<p>When starting a business, consider the exit strategy early on.<\/p>\n\n\n\n<p>The sooner the owners are clear on the strategic goals regarding the development of <mark style=\"background-color:rgba(0, 0, 0, 0)\" class=\"has-inline-color has-accent-color\">enterprise value<\/mark>, the sooner we can work together on developing a <mark style=\"background-color:rgba(0, 0, 0, 0)\" class=\"has-inline-color has-accent-color\">coherent and resilient storyline that extends beyond their own ownership<\/mark> and which will motivate future potential buyers to acquire the company or parts of its operations.<\/p>\n\n\n\n<p><br><\/p>\n<\/div>\n<\/div>\n\n\n\n<figure class=\"wp-block-pullquote alignwide has-accent-color has-text-color\"><blockquote><p><\/p><cite>If you are interested in working with us regarding \u201cValue Creation\u201d and developing your enterprise value, please get in touch:<\/cite><\/blockquote><\/figure>\n\n\n\n<div class=\"wp-block-button aligncenter\"><a class=\"wp-block-button__link\" href=\"https:\/\/www.kindermann-valuecreation.com\/en\/contact\">Contact us today<\/a><\/div>\n","protected":false},"excerpt":{"rendered":"<p>Strategy development to maximize enterprise value We help business founders, owners, and proprietors maximize the value of their most important asset\u2014their business. Many decisions impact directly on enterprise value\u2014not always immediately, but often in the medium and long term. We provide support in making the very best decision, namely the one that most closely suits [&hellip;]<\/p>\n","protected":false},"author":1,"featured_media":0,"parent":2401,"menu_order":0,"comment_status":"closed","ping_status":"closed","template":"","meta":{"_acf_changed":false,"_editorskit_title_hidden":false,"_editorskit_reading_time":1,"_editorskit_is_block_options_detached":false,"_editorskit_block_options_position":"{}","footnotes":""},"tags":[],"class_list":["post-2411","page","type-page","status-publish","hentry"],"acf":[],"yoast_head":"<!-- This site is optimized with the Yoast SEO plugin v26.8 - https:\/\/yoast.com\/product\/yoast-seo-wordpress\/ -->\n<title>Kindermann - Value Creation<\/title>\n<meta name=\"description\" content=\"Wir unterst\u00fctzen Unternehmensgr\u00fcnder, Inhaber und Eigent\u00fcmer bei der Wertmaximierung Ihres wichtigsten Assets Ihrem Unternehmen.\" \/>\n<meta name=\"robots\" content=\"index, follow, max-snippet:-1, max-image-preview:large, max-video-preview:-1\" \/>\n<link rel=\"canonical\" href=\"https:\/\/www.kindermann-valuecreation.com\/en\/what-we-do\/value-creation\/\" \/>\n<meta property=\"og:locale\" content=\"en_US\" \/>\n<meta property=\"og:type\" content=\"article\" \/>\n<meta property=\"og:title\" content=\"Kindermann - Value Creation\" \/>\n<meta property=\"og:description\" content=\"Wir unterst\u00fctzen Unternehmensgr\u00fcnder, Inhaber und Eigent\u00fcmer bei der Wertmaximierung Ihres wichtigsten Assets Ihrem Unternehmen.\" \/>\n<meta property=\"og:url\" content=\"https:\/\/www.kindermann-valuecreation.com\/en\/what-we-do\/value-creation\/\" \/>\n<meta property=\"og:site_name\" content=\"Kindermann - Value Creation\" \/>\n<meta property=\"article:modified_time\" content=\"2022-06-01T13:06:32+00:00\" \/>\n<meta name=\"twitter:card\" content=\"summary_large_image\" \/>\n<meta name=\"twitter:label1\" content=\"Est. reading time\" \/>\n\t<meta name=\"twitter:data1\" content=\"2 minutes\" \/>\n<script type=\"application\/ld+json\" class=\"yoast-schema-graph\">{\"@context\":\"https:\/\/schema.org\",\"@graph\":[{\"@type\":\"WebPage\",\"@id\":\"https:\/\/www.kindermann-valuecreation.com\/en\/what-we-do\/value-creation\/\",\"url\":\"https:\/\/www.kindermann-valuecreation.com\/en\/what-we-do\/value-creation\/\",\"name\":\"Kindermann - Value Creation\",\"isPartOf\":{\"@id\":\"https:\/\/www.kindermann-valuecreation.com\/en\/#website\"},\"datePublished\":\"2019-10-15T09:52:25+00:00\",\"dateModified\":\"2022-06-01T13:06:32+00:00\",\"description\":\"Wir unterst\u00fctzen Unternehmensgr\u00fcnder, Inhaber und Eigent\u00fcmer bei der Wertmaximierung Ihres wichtigsten Assets Ihrem Unternehmen.\",\"breadcrumb\":{\"@id\":\"https:\/\/www.kindermann-valuecreation.com\/en\/what-we-do\/value-creation\/#breadcrumb\"},\"inLanguage\":\"en-US\",\"potentialAction\":[{\"@type\":\"ReadAction\",\"target\":[\"https:\/\/www.kindermann-valuecreation.com\/en\/what-we-do\/value-creation\/\"]}]},{\"@type\":\"BreadcrumbList\",\"@id\":\"https:\/\/www.kindermann-valuecreation.com\/en\/what-we-do\/value-creation\/#breadcrumb\",\"itemListElement\":[{\"@type\":\"ListItem\",\"position\":1,\"name\":\"Home\",\"item\":\"https:\/\/www.kindermann-valuecreation.com\/en\/home\/\"},{\"@type\":\"ListItem\",\"position\":2,\"name\":\"What we do\",\"item\":\"https:\/\/www.kindermann-valuecreation.com\/en\/what-we-do\/\"},{\"@type\":\"ListItem\",\"position\":3,\"name\":\"Value creation\"}]},{\"@type\":\"WebSite\",\"@id\":\"https:\/\/www.kindermann-valuecreation.com\/en\/#website\",\"url\":\"https:\/\/www.kindermann-valuecreation.com\/en\/\",\"name\":\"Kindermann - Value Creation\",\"description\":\"\",\"publisher\":{\"@id\":\"https:\/\/www.kindermann-valuecreation.com\/en\/#organization\"},\"potentialAction\":[{\"@type\":\"SearchAction\",\"target\":{\"@type\":\"EntryPoint\",\"urlTemplate\":\"https:\/\/www.kindermann-valuecreation.com\/en\/?s={search_term_string}\"},\"query-input\":{\"@type\":\"PropertyValueSpecification\",\"valueRequired\":true,\"valueName\":\"search_term_string\"}}],\"inLanguage\":\"en-US\"},{\"@type\":\"Organization\",\"@id\":\"https:\/\/www.kindermann-valuecreation.com\/en\/#organization\",\"name\":\"KINDERMANN - VALUE CREATION\",\"url\":\"https:\/\/www.kindermann-valuecreation.com\/en\/\",\"logo\":{\"@type\":\"ImageObject\",\"inLanguage\":\"en-US\",\"@id\":\"https:\/\/www.kindermann-valuecreation.com\/en\/#\/schema\/logo\/image\/\",\"url\":\"https:\/\/www.kindermann-valuecreation.com\/wp-content\/uploads\/2020\/02\/kindermann-value-creation.png\",\"contentUrl\":\"https:\/\/www.kindermann-valuecreation.com\/wp-content\/uploads\/2020\/02\/kindermann-value-creation.png\",\"width\":158,\"height\":37,\"caption\":\"KINDERMANN - VALUE CREATION\"},\"image\":{\"@id\":\"https:\/\/www.kindermann-valuecreation.com\/en\/#\/schema\/logo\/image\/\"}}]}<\/script>\n<!-- \/ Yoast SEO plugin. -->","yoast_head_json":{"title":"Kindermann - Value Creation","description":"Wir unterst\u00fctzen Unternehmensgr\u00fcnder, Inhaber und Eigent\u00fcmer bei der Wertmaximierung Ihres wichtigsten Assets Ihrem Unternehmen.","robots":{"index":"index","follow":"follow","max-snippet":"max-snippet:-1","max-image-preview":"max-image-preview:large","max-video-preview":"max-video-preview:-1"},"canonical":"https:\/\/www.kindermann-valuecreation.com\/en\/what-we-do\/value-creation\/","og_locale":"en_US","og_type":"article","og_title":"Kindermann - Value Creation","og_description":"Wir unterst\u00fctzen Unternehmensgr\u00fcnder, Inhaber und Eigent\u00fcmer bei der Wertmaximierung Ihres wichtigsten Assets Ihrem Unternehmen.","og_url":"https:\/\/www.kindermann-valuecreation.com\/en\/what-we-do\/value-creation\/","og_site_name":"Kindermann - Value Creation","article_modified_time":"2022-06-01T13:06:32+00:00","twitter_card":"summary_large_image","twitter_misc":{"Est. reading time":"2 minutes"},"schema":{"@context":"https:\/\/schema.org","@graph":[{"@type":"WebPage","@id":"https:\/\/www.kindermann-valuecreation.com\/en\/what-we-do\/value-creation\/","url":"https:\/\/www.kindermann-valuecreation.com\/en\/what-we-do\/value-creation\/","name":"Kindermann - Value Creation","isPartOf":{"@id":"https:\/\/www.kindermann-valuecreation.com\/en\/#website"},"datePublished":"2019-10-15T09:52:25+00:00","dateModified":"2022-06-01T13:06:32+00:00","description":"Wir unterst\u00fctzen Unternehmensgr\u00fcnder, Inhaber und Eigent\u00fcmer bei der Wertmaximierung Ihres wichtigsten Assets Ihrem Unternehmen.","breadcrumb":{"@id":"https:\/\/www.kindermann-valuecreation.com\/en\/what-we-do\/value-creation\/#breadcrumb"},"inLanguage":"en-US","potentialAction":[{"@type":"ReadAction","target":["https:\/\/www.kindermann-valuecreation.com\/en\/what-we-do\/value-creation\/"]}]},{"@type":"BreadcrumbList","@id":"https:\/\/www.kindermann-valuecreation.com\/en\/what-we-do\/value-creation\/#breadcrumb","itemListElement":[{"@type":"ListItem","position":1,"name":"Home","item":"https:\/\/www.kindermann-valuecreation.com\/en\/home\/"},{"@type":"ListItem","position":2,"name":"What we do","item":"https:\/\/www.kindermann-valuecreation.com\/en\/what-we-do\/"},{"@type":"ListItem","position":3,"name":"Value creation"}]},{"@type":"WebSite","@id":"https:\/\/www.kindermann-valuecreation.com\/en\/#website","url":"https:\/\/www.kindermann-valuecreation.com\/en\/","name":"Kindermann - Value Creation","description":"","publisher":{"@id":"https:\/\/www.kindermann-valuecreation.com\/en\/#organization"},"potentialAction":[{"@type":"SearchAction","target":{"@type":"EntryPoint","urlTemplate":"https:\/\/www.kindermann-valuecreation.com\/en\/?s={search_term_string}"},"query-input":{"@type":"PropertyValueSpecification","valueRequired":true,"valueName":"search_term_string"}}],"inLanguage":"en-US"},{"@type":"Organization","@id":"https:\/\/www.kindermann-valuecreation.com\/en\/#organization","name":"KINDERMANN - VALUE CREATION","url":"https:\/\/www.kindermann-valuecreation.com\/en\/","logo":{"@type":"ImageObject","inLanguage":"en-US","@id":"https:\/\/www.kindermann-valuecreation.com\/en\/#\/schema\/logo\/image\/","url":"https:\/\/www.kindermann-valuecreation.com\/wp-content\/uploads\/2020\/02\/kindermann-value-creation.png","contentUrl":"https:\/\/www.kindermann-valuecreation.com\/wp-content\/uploads\/2020\/02\/kindermann-value-creation.png","width":158,"height":37,"caption":"KINDERMANN - VALUE CREATION"},"image":{"@id":"https:\/\/www.kindermann-valuecreation.com\/en\/#\/schema\/logo\/image\/"}}]}},"_links":{"self":[{"href":"https:\/\/www.kindermann-valuecreation.com\/en\/wp-json\/wp\/v2\/pages\/2411","targetHints":{"allow":["GET"]}}],"collection":[{"href":"https:\/\/www.kindermann-valuecreation.com\/en\/wp-json\/wp\/v2\/pages"}],"about":[{"href":"https:\/\/www.kindermann-valuecreation.com\/en\/wp-json\/wp\/v2\/types\/page"}],"author":[{"embeddable":true,"href":"https:\/\/www.kindermann-valuecreation.com\/en\/wp-json\/wp\/v2\/users\/1"}],"replies":[{"embeddable":true,"href":"https:\/\/www.kindermann-valuecreation.com\/en\/wp-json\/wp\/v2\/comments?post=2411"}],"version-history":[{"count":3,"href":"https:\/\/www.kindermann-valuecreation.com\/en\/wp-json\/wp\/v2\/pages\/2411\/revisions"}],"predecessor-version":[{"id":2541,"href":"https:\/\/www.kindermann-valuecreation.com\/en\/wp-json\/wp\/v2\/pages\/2411\/revisions\/2541"}],"up":[{"embeddable":true,"href":"https:\/\/www.kindermann-valuecreation.com\/en\/wp-json\/wp\/v2\/pages\/2401"}],"wp:attachment":[{"href":"https:\/\/www.kindermann-valuecreation.com\/en\/wp-json\/wp\/v2\/media?parent=2411"}],"wp:term":[{"taxonomy":"post_tag","embeddable":true,"href":"https:\/\/www.kindermann-valuecreation.com\/en\/wp-json\/wp\/v2\/tags?post=2411"}],"curies":[{"name":"wp","href":"https:\/\/api.w.org\/{rel}","templated":true}]}}