{"id":2401,"date":"2019-07-23T13:03:12","date_gmt":"2019-07-23T11:03:12","guid":{"rendered":"https:\/\/www.kindermann-valuecreation.com\/was-wir-tun"},"modified":"2023-04-27T13:06:43","modified_gmt":"2023-04-27T11:06:43","slug":"what-we-do","status":"publish","type":"page","link":"https:\/\/www.kindermann-valuecreation.com\/en\/what-we-do\/","title":{"rendered":"What we do"},"content":{"rendered":"\n<div class=\"wp-block-columns alignfull has-2-columns is-layout-flex wp-container-core-columns-is-layout-9d6595d7 wp-block-columns-is-layout-flex\">\n<div class=\"wp-block-column no-margin-bottom is-layout-flow wp-block-column-is-layout-flow\">\n<figure class=\"wp-block-image size-large\"><img decoding=\"async\" width=\"1024\" height=\"400\" src=\"https:\/\/www.kindermann-valuecreation.com\/wp-content\/uploads\/2020\/01\/diamant-1024x400.jpg\" alt=\"\" class=\"wp-image-2347\" srcset=\"https:\/\/www.kindermann-valuecreation.com\/wp-content\/uploads\/2020\/01\/diamant-1024x400.jpg 1024w, https:\/\/www.kindermann-valuecreation.com\/wp-content\/uploads\/2020\/01\/diamant-300x117.jpg 300w, https:\/\/www.kindermann-valuecreation.com\/wp-content\/uploads\/2020\/01\/diamant-768x300.jpg 768w, https:\/\/www.kindermann-valuecreation.com\/wp-content\/uploads\/2020\/01\/diamant-1536x600.jpg 1536w, https:\/\/www.kindermann-valuecreation.com\/wp-content\/uploads\/2020\/01\/diamant-2048x800.jpg 2048w, https:\/\/www.kindermann-valuecreation.com\/wp-content\/uploads\/2020\/01\/diamant-860x336.jpg 860w, https:\/\/www.kindermann-valuecreation.com\/wp-content\/uploads\/2020\/01\/diamant-420x164.jpg 420w, https:\/\/www.kindermann-valuecreation.com\/wp-content\/uploads\/2020\/01\/diamant-1380x539.jpg 1380w\" sizes=\"(max-width: 1024px) 100vw, 1024px\" \/><\/figure>\n\n\n\n<p><\/p>\n<\/div>\n\n\n\n<div class=\"wp-block-column has-arrow is-layout-flow wp-block-column-is-layout-flow\">\n\n\n<div class=\"us_textlink\">\n  <a class=\"focus-block \" href=\"https:\/\/www.kindermann-valuecreation.com\/en\/what-we-do\/value-creation\" target=\"\">\n    <span class=\"us_textlink__headline\">Value<br>creation<\/h2>\n  <\/a>\n\n  <\/div>\n\n<div class=\"clearfix\"><\/div>\n\n\n<\/div>\n<\/div>\n\n\n\n<div class=\"wp-block-columns alignfull has-2-columns no-margin-bottom is-layout-flex wp-container-core-columns-is-layout-9d6595d7 wp-block-columns-is-layout-flex\">\n<div class=\"wp-block-column has-text-align-right has-arrow is-layout-flow wp-block-column-is-layout-flow\">\n\n\n<div class=\"us_textlink\">\n  <a class=\"focus-block \" href=\"https:\/\/www.kindermann-valuecreation.com\/en\/what-we-do\/company-sale\" target=\"\">\n    <span class=\"us_textlink__headline\">Company-<br>sale<\/h2>\n  <\/a>\n\n  <\/div>\n\n<div class=\"clearfix\"><\/div>\n\n\n<\/div>\n\n\n\n<div class=\"wp-block-column is-layout-flow wp-block-column-is-layout-flow\">\n<figure class=\"wp-block-image size-large\"><img decoding=\"async\" width=\"1024\" height=\"400\" src=\"https:\/\/www.kindermann-valuecreation.com\/wp-content\/uploads\/2020\/01\/verkauf-1024x400.jpg\" alt=\"\" class=\"wp-image-2343\" srcset=\"https:\/\/www.kindermann-valuecreation.com\/wp-content\/uploads\/2020\/01\/verkauf-1024x400.jpg 1024w, https:\/\/www.kindermann-valuecreation.com\/wp-content\/uploads\/2020\/01\/verkauf-300x117.jpg 300w, https:\/\/www.kindermann-valuecreation.com\/wp-content\/uploads\/2020\/01\/verkauf-768x300.jpg 768w, https:\/\/www.kindermann-valuecreation.com\/wp-content\/uploads\/2020\/01\/verkauf-1536x600.jpg 1536w, https:\/\/www.kindermann-valuecreation.com\/wp-content\/uploads\/2020\/01\/verkauf-2048x800.jpg 2048w, https:\/\/www.kindermann-valuecreation.com\/wp-content\/uploads\/2020\/01\/verkauf-860x336.jpg 860w, https:\/\/www.kindermann-valuecreation.com\/wp-content\/uploads\/2020\/01\/verkauf-420x164.jpg 420w, https:\/\/www.kindermann-valuecreation.com\/wp-content\/uploads\/2020\/01\/verkauf-1380x539.jpg 1380w\" sizes=\"(max-width: 1024px) 100vw, 1024px\" \/><\/figure>\n<\/div>\n<\/div>\n\n\n\n<div class=\"wp-block-columns alignfull has-2-columns no-margin-bottom is-layout-flex wp-container-core-columns-is-layout-9d6595d7 wp-block-columns-is-layout-flex\">\n<div class=\"wp-block-column is-layout-flow wp-block-column-is-layout-flow\">\n<figure class=\"wp-block-image size-large\"><img decoding=\"async\" width=\"1024\" height=\"400\" src=\"https:\/\/www.kindermann-valuecreation.com\/wp-content\/uploads\/2020\/01\/digitale-welt-1024x400.jpg\" alt=\"Digitalisierung\" class=\"wp-image-2362\" srcset=\"https:\/\/www.kindermann-valuecreation.com\/wp-content\/uploads\/2020\/01\/digitale-welt-1024x400.jpg 1024w, https:\/\/www.kindermann-valuecreation.com\/wp-content\/uploads\/2020\/01\/digitale-welt-300x117.jpg 300w, https:\/\/www.kindermann-valuecreation.com\/wp-content\/uploads\/2020\/01\/digitale-welt-768x300.jpg 768w, https:\/\/www.kindermann-valuecreation.com\/wp-content\/uploads\/2020\/01\/digitale-welt-1536x600.jpg 1536w, https:\/\/www.kindermann-valuecreation.com\/wp-content\/uploads\/2020\/01\/digitale-welt-2048x800.jpg 2048w, https:\/\/www.kindermann-valuecreation.com\/wp-content\/uploads\/2020\/01\/digitale-welt-860x336.jpg 860w, https:\/\/www.kindermann-valuecreation.com\/wp-content\/uploads\/2020\/01\/digitale-welt-420x164.jpg 420w, https:\/\/www.kindermann-valuecreation.com\/wp-content\/uploads\/2020\/01\/digitale-welt-1380x539.jpg 1380w, https:&#x2f;&#x2f;&#x77;&#x77;&#x77;&#46;&#107;&#105;&#110;der&#x6d;&#x61;&#x6e;&#x6e;&#x2d;&#x76;&#97;&#108;&#117;ecr&#x65;&#x61;&#x74;&#x69;&#x6f;&#x6e;&#46;&#99;&#111;&#109;\/wp&#x2d;&#x63;&#x6f;&#x6e;&#x74;&#x65;&#110;&#116;&#47;upl&#x6f;&#x61;&#x64;&#x73;&#x2f;&#x32;&#48;&#50;&#48;&#47;01\/&#x64;&#x69;&#x67;&#x69;&#x74;&#x61;&#108;&#101;&#45;wel&#x74;&#x2d;&#x33;&#x30;&#x30;&#x78;&#49;&#49;&#55;&#64;2x&#46;&#x6a;&#x70;&#x67; 600w, https:&#47;&#x2f;w&#x77;&#x77;&#46;&#x6b;i&#x6e;&#x64;&#101;&#x72;m&#x61;&#x6e;&#110;&#x2d;v&#x61;&#x6c;&#117;&#x65;c&#x72;&#x65;&#97;&#x74;i&#x6f;&#x6e;&#46;&#x63;o&#x6d;&#x2f;&#119;&#x70;-&#x63;&#x6f;&#110;&#x74;e&#x6e;&#x74;&#47;&#x75;p&#x6c;&#x6f;&#97;&#x64;s&#x2f;&#x32;&#48;&#x32;0&#x2f;&#x30;&#49;&#x2f;d&#x69;&#x67;&#105;&#x74;a&#x6c;&#x65;&#45;&#x77;e&#x6c;&#x74;&#45;&#x38;6&#x30;&#x78;&#51;&#x33;6&#x40;&#x32;&#120;&#x2e;j&#x70;&#x67; 1720w, https:&#47;\/&#119;w&#119;&#46;&#x6b;i&#x6e;d&#x65;r&#x6d;a&#x6e;n&#x2d;v&#x61;l&#x75;e&#x63;r&#x65;&#97;&#x74;&#105;&#x6f;&#110;&#x2e;&#99;&#x6f;&#109;&#x2f;&#119;&#x70;&#45;&#x63;&#111;&#x6e;&#116;&#x65;&#110;&#x74;&#47;&#x75;&#112;&#x6c;&#111;a&#100;s&#47;2&#x30;2&#x30;\/&#x30;1&#x2f;d&#x69;g&#x69;t&#x61;l&#x65;-&#x77;e&#x6c;&#116;&#x2d;&#52;&#x32;&#48;&#x78;&#49;&#x36;&#52;&#x40;&#50;&#x78;&#46;&#x6a;&#112;&#x67; 840w\" sizes=\"(max-width: 1024px) 100vw, 1024px\" \/><\/figure>\n<\/div>\n\n\n\n<div class=\"wp-block-column has-arrow is-layout-flow wp-block-column-is-layout-flow\">\n\n\n<div class=\"us_textlink\">\n  <a class=\"focus-block \" href=\"https:\/\/www.kindermann-valuecreation.com\/en\/what-we-do\/digitalization\" target=\"\">\n    <span class=\"us_textlink__headline\">Digitalization<\/h2>\n  <\/a>\n\n  <\/div>\n\n<div class=\"clearfix\"><\/div>\n\n\n<\/div>\n<\/div>\n\n\n\n<div class=\"wp-block-columns alignfull has-2-columns no-margin-bottom is-layout-flex wp-container-core-columns-is-layout-9d6595d7 wp-block-columns-is-layout-flex\">\n<div class=\"wp-block-column has-text-align-right has-arrow is-layout-flow wp-block-column-is-layout-flow\">\n\n\n<div class=\"us_textlink\">\n  <a class=\"focus-block \" href=\"https:\/\/www.kindermann-valuecreation.com\/en\/what-we-do\/special-situations\" target=\"\">\n    <span class=\"us_textlink__headline\">Special<br> situations<\/h2>\n  <\/a>\n\n  <\/div>\n\n<div class=\"clearfix\"><\/div>\n\n\n<\/div>\n\n\n\n<div class=\"wp-block-column is-layout-flow wp-block-column-is-layout-flow\">\n<figure class=\"wp-block-image size-large\"><img decoding=\"async\" width=\"1024\" height=\"400\" src=\"https:\/\/www.kindermann-valuecreation.com\/wp-content\/uploads\/2020\/01\/puzzle-1024x400.jpg\" alt=\"\" class=\"wp-image-2344\" srcset=\"https:\/\/www.kindermann-valuecreation.com\/wp-content\/uploads\/2020\/01\/puzzle-1024x400.jpg 1024w, https:\/\/www.kindermann-valuecreation.com\/wp-content\/uploads\/2020\/01\/puzzle-300x117.jpg 300w, https:\/\/www.kindermann-valuecreation.com\/wp-content\/uploads\/2020\/01\/puzzle-768x300.jpg 768w, https:\/\/www.kindermann-valuecreation.com\/wp-content\/uploads\/2020\/01\/puzzle-1536x600.jpg 1536w, https:\/\/www.kindermann-valuecreation.com\/wp-content\/uploads\/2020\/01\/puzzle-2048x800.jpg 2048w, https:\/\/www.kindermann-valuecreation.com\/wp-content\/uploads\/2020\/01\/puzzle-860x336.jpg 860w, https:\/\/www.kindermann-valuecreation.com\/wp-content\/uploads\/2020\/01\/puzzle-420x164.jpg 420w, https:\/\/www.kindermann-valuecreation.com\/wp-content\/uploads\/2020\/01\/puzzle-1380x539.jpg 1380w\" sizes=\"(max-width: 1024px) 100vw, 1024px\" \/><\/figure>\n<\/div>\n<\/div>\n\n\n\n<div class=\"wp-block-columns alignfull has-2-columns no-margin-bottom is-layout-flex wp-container-core-columns-is-layout-9d6595d7 wp-block-columns-is-layout-flex\">\n<div class=\"wp-block-column is-layout-flow wp-block-column-is-layout-flow\">\n<figure class=\"wp-block-image size-large\"><img decoding=\"async\" width=\"1024\" height=\"400\" src=\"https:\/\/www.kindermann-valuecreation.com\/wp-content\/uploads\/2020\/01\/investieren-1024x400.jpg\" alt=\"\" class=\"wp-image-2345\" srcset=\"https:\/\/www.kindermann-valuecreation.com\/wp-content\/uploads\/2020\/01\/investieren-1024x400.jpg 1024w, https:\/\/www.kindermann-valuecreation.com\/wp-content\/uploads\/2020\/01\/investieren-300x117.jpg 300w, https:\/\/www.kindermann-valuecreation.com\/wp-content\/uploads\/2020\/01\/investieren-768x300.jpg 768w, https:\/\/www.kindermann-valuecreation.com\/wp-content\/uploads\/2020\/01\/investieren-1536x600.jpg 1536w, https:\/\/www.kindermann-valuecreation.com\/wp-content\/uploads\/2020\/01\/investieren-2048x800.jpg 2048w, https:\/\/www.kindermann-valuecreation.com\/wp-content\/uploads\/2020\/01\/investieren-860x336.jpg 860w, https:\/\/www.kindermann-valuecreation.com\/wp-content\/uploads\/2020\/01\/investieren-420x164.jpg 420w, https:\/\/www.kindermann-valuecreation.com\/wp-content\/uploads\/2020\/01\/investieren-1380x539.jpg 1380w\" sizes=\"(max-width: 1024px) 100vw, 1024px\" \/><\/figure>\n<\/div>\n\n\n\n<div class=\"wp-block-column has-arrow is-layout-flow wp-block-column-is-layout-flow\">\n\n\n<div class=\"us_textlink\">\n  <a class=\"focus-block \" href=\"https:\/\/www.kindermann-valuecreation.com\/en\/what-we-do\/advisory-council-and-supervisory-board-mandates\" target=\"\">\n    <span class=\"us_textlink__headline\">Advisory board and<br>supervisory board mandates<\/h2>\n  <\/a>\n\n  <\/div>\n\n<div class=\"clearfix\"><\/div>\n\n\n<\/div>\n<\/div>\n\n\n\n<div class=\"wp-block-columns alignfull has-2-columns no-margin-bottom is-layout-flex wp-container-core-columns-is-layout-9d6595d7 wp-block-columns-is-layout-flex\">\n<div class=\"wp-block-column has-text-align-right has-arrow is-layout-flow wp-block-column-is-layout-flow\">\n\n\n<div class=\"us_textlink\">\n  <a class=\"focus-block \" href=\"https:\/\/www.kindermann-valuecreation.com\/en\/what-we-do\/investments\" target=\"\">\n    <span class=\"us_textlink__headline\">Investments<\/h2>\n  <\/a>\n\n  <\/div>\n\n<div class=\"clearfix\"><\/div>\n\n\n<\/div>\n\n\n\n<div class=\"wp-block-column is-layout-flow wp-block-column-is-layout-flow\">\n<figure class=\"wp-block-image size-large\"><img decoding=\"async\" width=\"1024\" height=\"400\" src=\"https:\/\/www.kindermann-valuecreation.com\/wp-content\/uploads\/2020\/01\/vertrag-1024x400.jpg\" alt=\"\" class=\"wp-image-2346\" srcset=\"https:\/\/www.kindermann-valuecreation.com\/wp-content\/uploads\/2020\/01\/vertrag-1024x400.jpg 1024w, https:\/\/www.kindermann-valuecreation.com\/wp-content\/uploads\/2020\/01\/vertrag-300x117.jpg 300w, https:\/\/www.kindermann-valuecreation.com\/wp-content\/uploads\/2020\/01\/vertrag-768x300.jpg 768w, https:\/\/www.kindermann-valuecreation.com\/wp-content\/uploads\/2020\/01\/vertrag-1536x600.jpg 1536w, https:\/\/www.kindermann-valuecreation.com\/wp-content\/uploads\/2020\/01\/vertrag-2048x800.jpg 2048w, https:\/\/www.kindermann-valuecreation.com\/wp-content\/uploads\/2020\/01\/vertrag-860x336.jpg 860w, https:\/\/www.kindermann-valuecreation.com\/wp-content\/uploads\/2020\/01\/vertrag-420x164.jpg 420w, https:\/\/www.kindermann-valuecreation.com\/wp-content\/uploads\/2020\/01\/vertrag-1380x539.jpg 1380w\" sizes=\"(max-width: 1024px) 100vw, 1024px\" \/><\/figure>\n<\/div>\n<\/div>\n","protected":false},"excerpt":{"rendered":"","protected":false},"author":1,"featured_media":0,"parent":0,"menu_order":1,"comment_status":"closed","ping_status":"closed","template":"","meta":{"_acf_changed":false,"_editorskit_title_hidden":false,"_editorskit_reading_time":1,"_editorskit_is_block_options_detached":false,"_editorskit_block_options_position":"{}","footnotes":""},"tags":[],"class_list":["post-2401","page","type-page","status-publish","hentry"],"acf":[],"yoast_head":"<!-- This site is optimized with the Yoast SEO plugin v26.8 - https:\/\/yoast.com\/product\/yoast-seo-wordpress\/ -->\n<title>Kindermann - Value Creation | What we do<\/title>\n<meta name=\"description\" content=\"Wir unterst\u00fctzen Unternehmensgr\u00fcnder, Inhaber und Eigent\u00fcmer bei der Wertmaximierung Ihres wichtigsten Assets - Ihrem Unternehmen.\" \/>\n<meta name=\"robots\" content=\"index, follow, max-snippet:-1, max-image-preview:large, max-video-preview:-1\" \/>\n<link rel=\"canonical\" href=\"https:\/\/www.kindermann-valuecreation.com\/en\/what-we-do\/\" \/>\n<meta property=\"og:locale\" content=\"en_US\" \/>\n<meta property=\"og:type\" content=\"article\" \/>\n<meta property=\"og:title\" content=\"Kindermann - Value Creation | What we do\" \/>\n<meta property=\"og:description\" content=\"Wir unterst\u00fctzen Unternehmensgr\u00fcnder, Inhaber und Eigent\u00fcmer bei der Wertmaximierung Ihres wichtigsten Assets - Ihrem Unternehmen.\" \/>\n<meta property=\"og:url\" content=\"https:\/\/www.kindermann-valuecreation.com\/en\/what-we-do\/\" \/>\n<meta property=\"og:site_name\" content=\"Kindermann - Value Creation\" \/>\n<meta property=\"article:modified_time\" content=\"2023-04-27T11:06:43+00:00\" \/>\n<meta property=\"og:image\" content=\"https:\/\/www.kindermann-valuecreation.com\/wp-content\/uploads\/2020\/01\/diamant-1024x400.jpg\" \/>\n<meta name=\"twitter:card\" content=\"summary_large_image\" \/>\n<meta name=\"twitter:label1\" content=\"Est. reading time\" \/>\n\t<meta name=\"twitter:data1\" content=\"2 minutes\" \/>\n<script type=\"application\/ld+json\" class=\"yoast-schema-graph\">{\"@context\":\"https:\/\/schema.org\",\"@graph\":[{\"@type\":\"WebPage\",\"@id\":\"https:\/\/www.kindermann-valuecreation.com\/en\/what-we-do\/\",\"url\":\"https:\/\/www.kindermann-valuecreation.com\/en\/what-we-do\/\",\"name\":\"Kindermann - Value Creation | What we do\",\"isPartOf\":{\"@id\":\"https:\/\/www.kindermann-valuecreation.com\/en\/#website\"},\"primaryImageOfPage\":{\"@id\":\"https:\/\/www.kindermann-valuecreation.com\/en\/what-we-do\/#primaryimage\"},\"image\":{\"@id\":\"https:\/\/www.kindermann-valuecreation.com\/en\/what-we-do\/#primaryimage\"},\"thumbnailUrl\":\"https:\/\/www.kindermann-valuecreation.com\/wp-content\/uploads\/2020\/01\/diamant-1024x400.jpg\",\"datePublished\":\"2019-07-23T11:03:12+00:00\",\"dateModified\":\"2023-04-27T11:06:43+00:00\",\"description\":\"Wir unterst\u00fctzen Unternehmensgr\u00fcnder, Inhaber und Eigent\u00fcmer bei der Wertmaximierung Ihres wichtigsten Assets - Ihrem Unternehmen.\",\"breadcrumb\":{\"@id\":\"https:\/\/www.kindermann-valuecreation.com\/en\/what-we-do\/#breadcrumb\"},\"inLanguage\":\"en-US\",\"potentialAction\":[{\"@type\":\"ReadAction\",\"target\":[\"https:\/\/www.kindermann-valuecreation.com\/en\/what-we-do\/\"]}]},{\"@type\":\"ImageObject\",\"inLanguage\":\"en-US\",\"@id\":\"https:\/\/www.kindermann-valuecreation.com\/en\/what-we-do\/#primaryimage\",\"url\":\"https:\/\/www.kindermann-valuecreation.com\/wp-content\/uploads\/2020\/01\/diamant-1024x400.jpg\",\"contentUrl\":\"https:\/\/www.kindermann-valuecreation.com\/wp-content\/uploads\/2020\/01\/diamant-1024x400.jpg\"},{\"@type\":\"BreadcrumbList\",\"@id\":\"https:\/\/www.kindermann-valuecreation.com\/en\/what-we-do\/#breadcrumb\",\"itemListElement\":[{\"@type\":\"ListItem\",\"position\":1,\"name\":\"Home\",\"item\":\"https:\/\/www.kindermann-valuecreation.com\/en\/home\/\"},{\"@type\":\"ListItem\",\"position\":2,\"name\":\"What we do\"}]},{\"@type\":\"WebSite\",\"@id\":\"https:\/\/www.kindermann-valuecreation.com\/en\/#website\",\"url\":\"https:\/\/www.kindermann-valuecreation.com\/en\/\",\"name\":\"Kindermann - Value Creation\",\"description\":\"\",\"publisher\":{\"@id\":\"https:\/\/www.kindermann-valuecreation.com\/en\/#organization\"},\"potentialAction\":[{\"@type\":\"SearchAction\",\"target\":{\"@type\":\"EntryPoint\",\"urlTemplate\":\"https:\/\/www.kindermann-valuecreation.com\/en\/?s={search_term_string}\"},\"query-input\":{\"@type\":\"PropertyValueSpecification\",\"valueRequired\":true,\"valueName\":\"search_term_string\"}}],\"inLanguage\":\"en-US\"},{\"@type\":\"Organization\",\"@id\":\"https:\/\/www.kindermann-valuecreation.com\/en\/#organization\",\"name\":\"KINDERMANN - VALUE CREATION\",\"url\":\"https:\/\/www.kindermann-valuecreation.com\/en\/\",\"logo\":{\"@type\":\"ImageObject\",\"inLanguage\":\"en-US\",\"@id\":\"https:\/\/www.kindermann-valuecreation.com\/en\/#\/schema\/logo\/image\/\",\"url\":\"https:\/\/www.kindermann-valuecreation.com\/wp-content\/uploads\/2020\/02\/kindermann-value-creation.png\",\"contentUrl\":\"https:\/\/www.kindermann-valuecreation.com\/wp-content\/uploads\/2020\/02\/kindermann-value-creation.png\",\"width\":158,\"height\":37,\"caption\":\"KINDERMANN - VALUE CREATION\"},\"image\":{\"@id\":\"https:\/\/www.kindermann-valuecreation.com\/en\/#\/schema\/logo\/image\/\"}}]}<\/script>\n<!-- \/ Yoast SEO plugin. -->","yoast_head_json":{"title":"Kindermann - Value Creation | What we do","description":"Wir unterst\u00fctzen Unternehmensgr\u00fcnder, Inhaber und Eigent\u00fcmer bei der Wertmaximierung Ihres wichtigsten Assets - Ihrem Unternehmen.","robots":{"index":"index","follow":"follow","max-snippet":"max-snippet:-1","max-image-preview":"max-image-preview:large","max-video-preview":"max-video-preview:-1"},"canonical":"https:\/\/www.kindermann-valuecreation.com\/en\/what-we-do\/","og_locale":"en_US","og_type":"article","og_title":"Kindermann - Value Creation | What we do","og_description":"Wir unterst\u00fctzen Unternehmensgr\u00fcnder, Inhaber und Eigent\u00fcmer bei der Wertmaximierung Ihres wichtigsten Assets - Ihrem Unternehmen.","og_url":"https:\/\/www.kindermann-valuecreation.com\/en\/what-we-do\/","og_site_name":"Kindermann - Value Creation","article_modified_time":"2023-04-27T11:06:43+00:00","og_image":[{"url":"https:\/\/www.kindermann-valuecreation.com\/wp-content\/uploads\/2020\/01\/diamant-1024x400.jpg","type":"","width":"","height":""}],"twitter_card":"summary_large_image","twitter_misc":{"Est. reading time":"2 minutes"},"schema":{"@context":"https:\/\/schema.org","@graph":[{"@type":"WebPage","@id":"https:\/\/www.kindermann-valuecreation.com\/en\/what-we-do\/","url":"https:\/\/www.kindermann-valuecreation.com\/en\/what-we-do\/","name":"Kindermann - Value Creation | What we do","isPartOf":{"@id":"https:\/\/www.kindermann-valuecreation.com\/en\/#website"},"primaryImageOfPage":{"@id":"https:\/\/www.kindermann-valuecreation.com\/en\/what-we-do\/#primaryimage"},"image":{"@id":"https:\/\/www.kindermann-valuecreation.com\/en\/what-we-do\/#primaryimage"},"thumbnailUrl":"https:\/\/www.kindermann-valuecreation.com\/wp-content\/uploads\/2020\/01\/diamant-1024x400.jpg","datePublished":"2019-07-23T11:03:12+00:00","dateModified":"2023-04-27T11:06:43+00:00","description":"Wir unterst\u00fctzen Unternehmensgr\u00fcnder, Inhaber und Eigent\u00fcmer bei der Wertmaximierung Ihres wichtigsten Assets - Ihrem Unternehmen.","breadcrumb":{"@id":"https:\/\/www.kindermann-valuecreation.com\/en\/what-we-do\/#breadcrumb"},"inLanguage":"en-US","potentialAction":[{"@type":"ReadAction","target":["https:\/\/www.kindermann-valuecreation.com\/en\/what-we-do\/"]}]},{"@type":"ImageObject","inLanguage":"en-US","@id":"https:\/\/www.kindermann-valuecreation.com\/en\/what-we-do\/#primaryimage","url":"https:\/\/www.kindermann-valuecreation.com\/wp-content\/uploads\/2020\/01\/diamant-1024x400.jpg","contentUrl":"https:\/\/www.kindermann-valuecreation.com\/wp-content\/uploads\/2020\/01\/diamant-1024x400.jpg"},{"@type":"BreadcrumbList","@id":"https:\/\/www.kindermann-valuecreation.com\/en\/what-we-do\/#breadcrumb","itemListElement":[{"@type":"ListItem","position":1,"name":"Home","item":"https:\/\/www.kindermann-valuecreation.com\/en\/home\/"},{"@type":"ListItem","position":2,"name":"What we do"}]},{"@type":"WebSite","@id":"https:\/\/www.kindermann-valuecreation.com\/en\/#website","url":"https:\/\/www.kindermann-valuecreation.com\/en\/","name":"Kindermann - Value Creation","description":"","publisher":{"@id":"https:\/\/www.kindermann-valuecreation.com\/en\/#organization"},"potentialAction":[{"@type":"SearchAction","target":{"@type":"EntryPoint","urlTemplate":"https:\/\/www.kindermann-valuecreation.com\/en\/?s={search_term_string}"},"query-input":{"@type":"PropertyValueSpecification","valueRequired":true,"valueName":"search_term_string"}}],"inLanguage":"en-US"},{"@type":"Organization","@id":"https:\/\/www.kindermann-valuecreation.com\/en\/#organization","name":"KINDERMANN - VALUE CREATION","url":"https:\/\/www.kindermann-valuecreation.com\/en\/","logo":{"@type":"ImageObject","inLanguage":"en-US","@id":"https:\/\/www.kindermann-valuecreation.com\/en\/#\/schema\/logo\/image\/","url":"https:\/\/www.kindermann-valuecreation.com\/wp-content\/uploads\/2020\/02\/kindermann-value-creation.png","contentUrl":"https:\/\/www.kindermann-valuecreation.com\/wp-content\/uploads\/2020\/02\/kindermann-value-creation.png","width":158,"height":37,"caption":"KINDERMANN - VALUE CREATION"},"image":{"@id":"https:\/\/www.kindermann-valuecreation.com\/en\/#\/schema\/logo\/image\/"}}]}},"_links":{"self":[{"href":"https:\/\/www.kindermann-valuecreation.com\/en\/wp-json\/wp\/v2\/pages\/2401","targetHints":{"allow":["GET"]}}],"collection":[{"href":"https:\/\/www.kindermann-valuecreation.com\/en\/wp-json\/wp\/v2\/pages"}],"about":[{"href":"https:\/\/www.kindermann-valuecreation.com\/en\/wp-json\/wp\/v2\/types\/page"}],"author":[{"embeddable":true,"href":"https:\/\/www.kindermann-valuecreation.com\/en\/wp-json\/wp\/v2\/users\/1"}],"replies":[{"embeddable":true,"href":"https:\/\/www.kindermann-valuecreation.com\/en\/wp-json\/wp\/v2\/comments?post=2401"}],"version-history":[{"count":29,"href":"https:\/\/www.kindermann-valuecreation.com\/en\/wp-json\/wp\/v2\/pages\/2401\/revisions"}],"predecessor-version":[{"id":2783,"href":"https:\/\/www.kindermann-valuecreation.com\/en\/wp-json\/wp\/v2\/pages\/2401\/revisions\/2783"}],"wp:attachment":[{"href":"https:\/\/www.kindermann-valuecreation.com\/en\/wp-json\/wp\/v2\/media?parent=2401"}],"wp:term":[{"taxonomy":"post_tag","embeddable":true,"href":"https:\/\/www.kindermann-valuecreation.com\/en\/wp-json\/wp\/v2\/tags?post=2401"}],"curies":[{"name":"wp","href":"https:\/\/api.w.org\/{rel}","templated":true}]}}